{"id":532,"date":"2017-05-30T12:39:09","date_gmt":"2017-05-30T12:39:09","guid":{"rendered":"http:\/\/ayurplayground.karendrost.nl\/?page_id=532"},"modified":"2022-12-18T21:57:27","modified_gmt":"2022-12-18T21:57:27","slug":"como-funciona","status":"publish","type":"page","link":"https:\/\/anandosha.com\/es\/como-funciona\/","title":{"rendered":"C\u00f3mo funciona"},"content":{"rendered":"<p>[et_pb_section fb_built=\u00bb1&#8243; fullwidth=\u00bbon\u00bb _builder_version=\u00bb4.16&#8243; saved_tabs=\u00bball\u00bb global_colors_info=\u00bb{}\u00bb][et_pb_fullwidth_image src=\u00bbhttp:\/\/anandosha.com\/wp-content\/uploads\/2019\/02\/Food-Banner-16x.png\u00bb _builder_version=\u00bb4.16&#8243; global_colors_info=\u00bb{}\u00bb][\/et_pb_fullwidth_image][\/et_pb_section][et_pb_section fb_built=\u00bb1&#8243; _builder_version=\u00bb4.16&#8243; custom_padding=\u00bb0px||0px\u00bb saved_tabs=\u00bball\u00bb global_colors_info=\u00bb{}\u00bb][et_pb_row column_structure=\u00bb1_4,1_2,1_4&#8243; use_custom_gutter=\u00bbon\u00bb gutter_width=\u00bb1&#8243; _builder_version=\u00bb4.16&#8243; custom_margin=\u00bb0px||\u00bb custom_padding=\u00bb7px||1px\u00bb global_colors_info=\u00bb{}\u00bb][et_pb_column type=\u00bb1_4&#8243; _builder_version=\u00bb4.16&#8243; custom_padding=\u00bb|||\u00bb custom_css_main_element=\u00bbwidth: 90px !important;\u00bb global_colors_info=\u00bb{}\u00bb custom_padding__hover=\u00bb|||\u00bb][et_pb_text disabled_on=\u00bbon|on|off\u00bb _builder_version=\u00bb4.16&#8243; custom_padding=\u00bb0px||0px|0px\u00bb global_colors_info=\u00bb{}\u00bb]<\/p>\n<p><img decoding=\"async\" src=\"http:\/\/anandosha.com\/wp-content\/uploads\/2019\/03\/ananda_logo-150x150.png\" width=\"80\" height=\"80\" alt=\"Ananda logo\" class=\"wp-image-48566 alignnone size-thumbnail\" srcset=\"https:\/\/anandosha.com\/wp-content\/uploads\/2019\/03\/ananda_logo-150x150.png 150w, https:\/\/anandosha.com\/wp-content\/uploads\/2019\/03\/ananda_logo-300x300.png 300w, https:\/\/anandosha.com\/wp-content\/uploads\/2019\/03\/ananda_logo-768x768.png 768w, https:\/\/anandosha.com\/wp-content\/uploads\/2019\/03\/ananda_logo.png 1000w\" sizes=\"(max-width: 80px) 100vw, 80px\" \/><\/p>\n<p>[\/et_pb_text][\/et_pb_column][et_pb_column type=\u00bb1_2&#8243; _builder_version=\u00bb4.16&#8243; custom_padding=\u00bb|||0px\u00bb custom_css_main_element=\u00bbwidth: auto !important;\u00bb global_colors_info=\u00bb{}\u00bb custom_padding__hover=\u00bb|||\u00bb][et_pb_text _builder_version=\u00bb4.16&#8243; text_font=\u00bbAladin||||||||\u00bb text_font_size=\u00bb21px\u00bb text_letter_spacing=\u00bb1px\u00bb text_line_height=\u00bb1em\u00bb quote_font=\u00bb||||||||\u00bb header_font=\u00bb|700|||||||\u00bb header_font_size=\u00bb50px\u00bb header_letter_spacing=\u00bb5px\u00bb header_line_height=\u00bb0.8em\u00bb custom_margin=\u00bb0px|||\u00bb custom_padding=\u00bb8px|0px||0px\u00bb header_text_shadow_style=\u00bbpreset2&#8243; header_text_shadow_horizontal_length=\u00bb0.04em\u00bb header_text_shadow_vertical_length=\u00bb0.04em\u00bb header_text_shadow_blur_strength=\u00bb0.06em\u00bb header_text_shadow_color=\u00bb#d02e8a\u00bb global_colors_info=\u00bb{}\u00bb]<\/p>\n<h1>Ananda<\/h1>\n<p>Recomendaciones de dieta para la salud, basada en la sabidur\u00eda de Ayurveda[\/et_pb_text][\/et_pb_column][et_pb_column type=\u00bb1_4&#8243; _builder_version=\u00bb4.16&#8243; custom_padding=\u00bb|||0px\u00bb custom_css_main_element=\u00bbwidth: 270px !important;\u00bb global_colors_info=\u00bb{}\u00bb custom_padding__hover=\u00bb|||\u00bb][et_pb_text disabled_on=\u00bbon|on|off\u00bb module_class=\u00bbunicorn-logo\u00bb _builder_version=\u00bb4.16&#8243; text_font=\u00bbAladin||||||||\u00bb text_text_color=\u00bb#cd0074&#8243; text_letter_spacing=\u00bb1px\u00bb text_line_height=\u00bb0.7em\u00bb custom_margin=\u00bb|||\u00bb link_option_url=\u00bbhttps:\/\/justgopink.com\u00bb link_option_url_new_window=\u00bbon\u00bb saved_tabs=\u00bball\u00bb global_colors_info=\u00bb{}\u00bb]<\/p>\n<p><img decoding=\"async\" src=\"http:\/\/anandosha.com\/wp-content\/uploads\/2019\/03\/Einhorn10-Quer-e1551780904387.png\" width=\"260\" height=\"80\" alt=\"Just Go Pink! Ayurveda and Yoga for a healthy life\" class=\"wp-image-48772 alignnone size-full\" \/><\/p>\n<p>[\/et_pb_text][\/et_pb_column][\/et_pb_row][\/et_pb_section][et_pb_section fb_built=\u00bb1&#8243; fullwidth=\u00bbon\u00bb _builder_version=\u00bb4.16&#8243; custom_padding=\u00bb0|0px|2px|0px|false|false\u00bb global_colors_info=\u00bb{}\u00bb][et_pb_fullwidth_menu menu_id=\u00bb24&#8243; fullwidth_menu=\u00bboff\u00bb active_link_color=\u00bb#ffffff\u00bb dropdown_menu_bg_color=\u00bb#570784&#8243; dropdown_menu_text_color=\u00bb#ffffff\u00bb mobile_menu_bg_color=\u00bb#570784&#8243; mobile_menu_text_color=\u00bb#ffffff\u00bb _builder_version=\u00bb4.16&#8243; menu_font=\u00bb||||||||\u00bb menu_text_color=\u00bb#ffffff\u00bb menu_font_size=\u00bb15px\u00bb menu_letter_spacing=\u00bb1px\u00bb background_color=\u00bb#570784&#8243; background_layout=\u00bbdark\u00bb custom_padding=\u00bb0px||0px||false\u00bb saved_tabs=\u00bball\u00bb global_colors_info=\u00bb{}\u00bb][\/et_pb_fullwidth_menu][\/et_pb_section][et_pb_section fb_built=\u00bb1&#8243; _builder_version=\u00bb4.16&#8243; custom_padding=\u00bb0|0|5px|0px|false|false\u00bb saved_tabs=\u00bball\u00bb global_colors_info=\u00bb{}\u00bb][et_pb_row column_structure=\u00bb3_5,2_5&#8243; use_custom_gutter=\u00bbon\u00bb gutter_width=\u00bb1&#8243; _builder_version=\u00bb4.16&#8243; custom_padding=\u00bb14px|0px|18px|0px|false|false\u00bb global_colors_info=\u00bb{}\u00bb][et_pb_column type=\u00bb3_5&#8243; _builder_version=\u00bb4.16&#8243; custom_padding=\u00bb|||\u00bb global_colors_info=\u00bb{}\u00bb custom_padding__hover=\u00bb|||\u00bb][et_pb_text _builder_version=\u00bb4.16&#8243; text_font=\u00bbVerdana||||||||\u00bb text_font_size=\u00bb15px\u00bb text_letter_spacing=\u00bb1px\u00bb text_line_height=\u00bb1.8em\u00bb header_font=\u00bb||||||||\u00bb header_2_font=\u00bb||||||||\u00bb background_color=\u00bbrgba(201,74,142,0.12)\u00bb background_image=\u00bbhttp:\/\/anandosha.com\/wp-content\/uploads\/2019\/02\/Unicorn-ohne-f\u00fcllung6.png\u00bb background_size=\u00bbcontain\u00bb background_position=\u00bbtop_center\u00bb background_repeat=\u00bbrepeat-y\u00bb background_blend=\u00bbsaturation\u00bb custom_padding=\u00bb15px|25px|15px|25px|true|true\u00bb border_radii=\u00bbon|10px|10px|10px|10px\u00bb box_shadow_style=\u00bbpreset2&#8243; saved_tabs=\u00bball\u00bb global_colors_info=\u00bb{}\u00bb]<\/p>\n<h2>C\u00f3mo funciona<\/h2>\n<p>Para obtener la lista de los alimentos de su cliente, todo lo que tiene que hacer es entra el nombre del cliente y las 3 cifras de los puntos de la evaluaci\u00f3n, que representa su constituci\u00f3n.<br \/>\nEjemplo:<\/p>\n<div id=\"attachment_49971\" style=\"width: 1034px\" class=\"wp-caption alignnone\"><img decoding=\"async\" aria-describedby=\"caption-attachment-49971\" src=\"http:\/\/anandosha.com\/wp-content\/uploads\/2019\/04\/Screenshot-Bienvenido-ES-1024x667.png\" width=\"1024\" height=\"670\" alt=\"Captura de pantalla de la p\u00e1gina de entrada\" class=\"wp-image-49971 size-large\" \/><p id=\"caption-attachment-49971\" class=\"wp-caption-text\">Captura de pantalla de la p\u00e1gina de entrada<\/p><\/div>\n<p>En este ejemplo, hemos utilizado 75 puntos para Vata, 30 para Pitta y 45 para Kapha. En segundo plano, estos se convierten en porcentajes y un archivo PDF se procesa en un instante, con todos los alimentos en las 12 categor\u00edas. Los productos alimenticios se muestran alfab\u00e9ticamente dentro de cada categor\u00eda y detr\u00e1s de cada art\u00edculo hay un porcentaje que indica si el alimento es bueno (azul), malo (rojo) o intermedio (amarillo).<\/p>\n<p>Haga clic <a href=\"http:\/\/anandosha.com\/wp-content\/examples\/Juan-Garcia.pdf\" target=\"_blank\" rel=\"noopener noreferrer\"><strong>aqui<\/strong><\/a> para descargar un ejemplo del archivo de salida (en PDF).[\/et_pb_text][\/et_pb_column][et_pb_column type=\u00bb2_5&#8243; _builder_version=\u00bb4.16&#8243; custom_padding=\u00bb|||\u00bb global_colors_info=\u00bb{}\u00bb custom_padding__hover=\u00bb|||\u00bb][et_pb_sidebar orientation=\u00bbright\u00bb area=\u00bbet_pb_widget_area_1&#8243; show_border=\u00bboff\u00bb _builder_version=\u00bb4.16&#8243; text_orientation=\u00bbright\u00bb custom_margin=\u00bb|74px||\u00bb saved_tabs=\u00bball\u00bb global_colors_info=\u00bb{}\u00bb][\/et_pb_sidebar][\/et_pb_column][\/et_pb_row][\/et_pb_section]<\/p>\n","protected":false},"excerpt":{"rendered":"<p>Ananda Recomendaciones de dieta para la salud, basada en la sabidur\u00eda de AyurvedaC\u00f3mo funciona Para obtener la lista de los alimentos de su cliente, todo lo que tiene que hacer es entra el nombre del cliente y las 3 cifras de los puntos de la evaluaci\u00f3n, que representa su constituci\u00f3n. Ejemplo: En este ejemplo, hemos [&hellip;]<\/p>\n","protected":false},"author":78,"featured_media":0,"parent":0,"menu_order":0,"comment_status":"closed","ping_status":"closed","template":"","meta":{"_et_pb_use_builder":"on","_et_pb_old_content":"Para obtener la lista de los alimentos de su cliente, todo lo que tiene que hacer es entra el nombre del cliente y las 3 cifras de los puntos de la evaluaci\u00f3n, que representa su constituci\u00f3n.\r\nEjemplo:\r\n\r\n[caption id=\"attachment_1037\" align=\"aligncenter\" width=\"463\"]<img class=\" wp-image-1037\" style=\"border: 5px solid white;\" src=\"http:\/\/anandosha.com\/wp-content\/examples\/Screenshot-Bienvenido-ES.png\" alt=\"Captura de pantalla de la p\u00e1gina de entrada\" width=\"463\" height=\"196\" \/> Captura de pantalla de la p\u00e1gina de entrada[\/caption]\r\n\r\nEn este ejemplo, hemos utilizado 75 puntos para Vata, 30 para Pitta y 45 para Kapha. En segundo plano, estos se convierten en porcentajes y un archivo PDF se procesa en un instante, con todos los alimentos en las 12 categor\u00edas. Los productos alimenticios se muestran alfab\u00e9ticamente dentro de cada categor\u00eda y detr\u00e1s de cada art\u00edculo hay un porcentaje que indica si el alimento es bueno (azul), malo (rojo) o intermedio (amarillo).\r\n\r\nHaga clic <a href=\"http:\/\/anandosha.com\/wp-content\/examples\/Juan-Garcia.pdf\" target=\"_blank\" rel=\"noopener\"><strong>aqui<\/strong><\/a> para descargar un ejemplo del archivo de salida (en PDF).","_et_gb_content_width":"","footnotes":""},"class_list":["post-532","page","type-page","status-publish","hentry"],"yoast_head":"<!-- This site is optimized with the Yoast SEO plugin v27.5 - https:\/\/yoast.com\/product\/yoast-seo-wordpress\/ -->\n<title>C\u00f3mo funciona ~ Ananda<\/title>\n<meta name=\"robots\" content=\"index, follow, max-snippet:-1, max-image-preview:large, max-video-preview:-1\" \/>\n<link rel=\"canonical\" href=\"https:\/\/anandosha.com\/es\/como-funciona\/\" \/>\n<meta property=\"og:locale\" content=\"es_ES\" \/>\n<meta property=\"og:type\" content=\"article\" \/>\n<meta property=\"og:title\" content=\"C\u00f3mo funciona ~ Ananda\" \/>\n<meta property=\"og:description\" content=\"Ananda Recomendaciones de dieta para la salud, basada en la sabidur\u00eda de AyurvedaC\u00f3mo funciona Para obtener la lista de los alimentos de su cliente, todo lo que tiene que hacer es entra el nombre del cliente y las 3 cifras de los puntos de la evaluaci\u00f3n, que representa su constituci\u00f3n. Ejemplo: En este ejemplo, hemos [&hellip;]\" \/>\n<meta property=\"og:url\" content=\"https:\/\/anandosha.com\/es\/como-funciona\/\" \/>\n<meta property=\"og:site_name\" content=\"Ananda\" \/>\n<meta property=\"article:modified_time\" content=\"2022-12-18T21:57:27+00:00\" \/>\n<meta property=\"og:image\" content=\"http:\/\/anandosha.com\/wp-content\/uploads\/2019\/03\/ananda_logo-150x150.png\" \/>\n<meta name=\"twitter:card\" content=\"summary_large_image\" \/>\n<meta name=\"twitter:label1\" content=\"Tiempo de lectura\" \/>\n\t<meta name=\"twitter:data1\" content=\"4 minutos\" \/>\n<script type=\"application\/ld+json\" class=\"yoast-schema-graph\">{\"@context\":\"https:\\\/\\\/schema.org\",\"@graph\":[{\"@type\":\"WebPage\",\"@id\":\"https:\\\/\\\/anandosha.com\\\/es\\\/como-funciona\\\/\",\"url\":\"https:\\\/\\\/anandosha.com\\\/es\\\/como-funciona\\\/\",\"name\":\"C\u00f3mo funciona ~ Ananda\",\"isPartOf\":{\"@id\":\"https:\\\/\\\/anandosha.com\\\/es\\\/#website\"},\"primaryImageOfPage\":{\"@id\":\"https:\\\/\\\/anandosha.com\\\/es\\\/como-funciona\\\/#primaryimage\"},\"image\":{\"@id\":\"https:\\\/\\\/anandosha.com\\\/es\\\/como-funciona\\\/#primaryimage\"},\"thumbnailUrl\":\"http:\\\/\\\/anandosha.com\\\/wp-content\\\/uploads\\\/2019\\\/03\\\/ananda_logo-150x150.png\",\"datePublished\":\"2017-05-30T12:39:09+00:00\",\"dateModified\":\"2022-12-18T21:57:27+00:00\",\"breadcrumb\":{\"@id\":\"https:\\\/\\\/anandosha.com\\\/es\\\/como-funciona\\\/#breadcrumb\"},\"inLanguage\":\"es\",\"potentialAction\":[{\"@type\":\"ReadAction\",\"target\":[\"https:\\\/\\\/anandosha.com\\\/es\\\/como-funciona\\\/\"]}]},{\"@type\":\"ImageObject\",\"inLanguage\":\"es\",\"@id\":\"https:\\\/\\\/anandosha.com\\\/es\\\/como-funciona\\\/#primaryimage\",\"url\":\"http:\\\/\\\/anandosha.com\\\/wp-content\\\/uploads\\\/2019\\\/03\\\/ananda_logo-150x150.png\",\"contentUrl\":\"http:\\\/\\\/anandosha.com\\\/wp-content\\\/uploads\\\/2019\\\/03\\\/ananda_logo-150x150.png\"},{\"@type\":\"BreadcrumbList\",\"@id\":\"https:\\\/\\\/anandosha.com\\\/es\\\/como-funciona\\\/#breadcrumb\",\"itemListElement\":[{\"@type\":\"ListItem\",\"position\":1,\"name\":\"Startseite\",\"item\":\"https:\\\/\\\/anandosha.com\\\/es\\\/\"},{\"@type\":\"ListItem\",\"position\":2,\"name\":\"C\u00f3mo funciona\"}]},{\"@type\":\"WebSite\",\"@id\":\"https:\\\/\\\/anandosha.com\\\/es\\\/#website\",\"url\":\"https:\\\/\\\/anandosha.com\\\/es\\\/\",\"name\":\"Ananda\",\"description\":\"Ayurvedic wisdom-based diet recommendations for health\",\"potentialAction\":[{\"@type\":\"SearchAction\",\"target\":{\"@type\":\"EntryPoint\",\"urlTemplate\":\"https:\\\/\\\/anandosha.com\\\/es\\\/?s={search_term_string}\"},\"query-input\":{\"@type\":\"PropertyValueSpecification\",\"valueRequired\":true,\"valueName\":\"search_term_string\"}}],\"inLanguage\":\"es\"}]}<\/script>\n<!-- \/ Yoast SEO plugin. -->","yoast_head_json":{"title":"C\u00f3mo funciona ~ Ananda","robots":{"index":"index","follow":"follow","max-snippet":"max-snippet:-1","max-image-preview":"max-image-preview:large","max-video-preview":"max-video-preview:-1"},"canonical":"https:\/\/anandosha.com\/es\/como-funciona\/","og_locale":"es_ES","og_type":"article","og_title":"C\u00f3mo funciona ~ Ananda","og_description":"Ananda Recomendaciones de dieta para la salud, basada en la sabidur\u00eda de AyurvedaC\u00f3mo funciona Para obtener la lista de los alimentos de su cliente, todo lo que tiene que hacer es entra el nombre del cliente y las 3 cifras de los puntos de la evaluaci\u00f3n, que representa su constituci\u00f3n. Ejemplo: En este ejemplo, hemos [&hellip;]","og_url":"https:\/\/anandosha.com\/es\/como-funciona\/","og_site_name":"Ananda","article_modified_time":"2022-12-18T21:57:27+00:00","og_image":[{"url":"http:\/\/anandosha.com\/wp-content\/uploads\/2019\/03\/ananda_logo-150x150.png","type":"","width":"","height":""}],"twitter_card":"summary_large_image","twitter_misc":{"Tiempo de lectura":"4 minutos"},"schema":{"@context":"https:\/\/schema.org","@graph":[{"@type":"WebPage","@id":"https:\/\/anandosha.com\/es\/como-funciona\/","url":"https:\/\/anandosha.com\/es\/como-funciona\/","name":"C\u00f3mo funciona ~ Ananda","isPartOf":{"@id":"https:\/\/anandosha.com\/es\/#website"},"primaryImageOfPage":{"@id":"https:\/\/anandosha.com\/es\/como-funciona\/#primaryimage"},"image":{"@id":"https:\/\/anandosha.com\/es\/como-funciona\/#primaryimage"},"thumbnailUrl":"http:\/\/anandosha.com\/wp-content\/uploads\/2019\/03\/ananda_logo-150x150.png","datePublished":"2017-05-30T12:39:09+00:00","dateModified":"2022-12-18T21:57:27+00:00","breadcrumb":{"@id":"https:\/\/anandosha.com\/es\/como-funciona\/#breadcrumb"},"inLanguage":"es","potentialAction":[{"@type":"ReadAction","target":["https:\/\/anandosha.com\/es\/como-funciona\/"]}]},{"@type":"ImageObject","inLanguage":"es","@id":"https:\/\/anandosha.com\/es\/como-funciona\/#primaryimage","url":"http:\/\/anandosha.com\/wp-content\/uploads\/2019\/03\/ananda_logo-150x150.png","contentUrl":"http:\/\/anandosha.com\/wp-content\/uploads\/2019\/03\/ananda_logo-150x150.png"},{"@type":"BreadcrumbList","@id":"https:\/\/anandosha.com\/es\/como-funciona\/#breadcrumb","itemListElement":[{"@type":"ListItem","position":1,"name":"Startseite","item":"https:\/\/anandosha.com\/es\/"},{"@type":"ListItem","position":2,"name":"C\u00f3mo funciona"}]},{"@type":"WebSite","@id":"https:\/\/anandosha.com\/es\/#website","url":"https:\/\/anandosha.com\/es\/","name":"Ananda","description":"Ayurvedic wisdom-based diet recommendations for health","potentialAction":[{"@type":"SearchAction","target":{"@type":"EntryPoint","urlTemplate":"https:\/\/anandosha.com\/es\/?s={search_term_string}"},"query-input":{"@type":"PropertyValueSpecification","valueRequired":true,"valueName":"search_term_string"}}],"inLanguage":"es"}]}},"_links":{"self":[{"href":"https:\/\/anandosha.com\/es\/wp-json\/wp\/v2\/pages\/532","targetHints":{"allow":["GET"]}}],"collection":[{"href":"https:\/\/anandosha.com\/es\/wp-json\/wp\/v2\/pages"}],"about":[{"href":"https:\/\/anandosha.com\/es\/wp-json\/wp\/v2\/types\/page"}],"author":[{"embeddable":true,"href":"https:\/\/anandosha.com\/es\/wp-json\/wp\/v2\/users\/78"}],"replies":[{"embeddable":true,"href":"https:\/\/anandosha.com\/es\/wp-json\/wp\/v2\/comments?post=532"}],"version-history":[{"count":0,"href":"https:\/\/anandosha.com\/es\/wp-json\/wp\/v2\/pages\/532\/revisions"}],"wp:attachment":[{"href":"https:\/\/anandosha.com\/es\/wp-json\/wp\/v2\/media?parent=532"}],"curies":[{"name":"wp","href":"https:\/\/api.w.org\/{rel}","templated":true}]}}