{"id":747,"date":"2017-06-28T12:41:04","date_gmt":"2017-06-28T12:41:04","guid":{"rendered":"http:\/\/anandosha.com\/?page_id=747"},"modified":"2023-01-03T13:03:44","modified_gmt":"2023-01-03T13:03:44","slug":"utilizar-ananda","status":"publish","type":"page","link":"https:\/\/anandosha.com\/es\/utilizar-ananda\/","title":{"rendered":"Crear una lista"},"content":{"rendered":"<div class=\"swpm-post-not-logged-in-msg\">Debes acceder para ver \u00e9ste contenido. Por favor <a class=\"swpm-login-link\" href=\"http:\/\/anandosha.com\/private-login\/\">Acceder<\/a>. \u00bfA\u00fan no eres miembro? <a href=\"http:\/\/anandosha.com\/membership-join\/\">\u00danete a nosotros<\/a><\/div>","protected":false},"excerpt":{"rendered":"<p>Ananda Recomendaciones de dieta para la salud, basada en la sabidur\u00eda de Ayurveda<div class=\"mp_wrapper\">\n\t\t<p>Bienvenido ,<\/p>\n\t\t<p>Por favor de completar con el nombre y la constituci\u00f3n (n\u00famero de puntos que ha recibido la prueba de dosha) de su cliente, as\u00ed como la lista deseada (Prakriti o Vikriti):<\/p>\n\t\t<form action=\"https:\/\/anandosha.com\/form_verarb.php?svlang=es_ES&svid=0\" method=\"post\" name=\"engage\">\n\t\t\t<p>Nombre: <input name=\"Name\" type=\"text\" style=\"width: 200px;\" \/>\n\t\t\t<input name=\"Constitution\" type=\"radio\" style=\"margin-left:5em;\" value=\"Prakriti\"> Prakriti <input name=\"Constitution\" type=\"radio\" value=\"Vikriti\" checked> Vikriti<\/p>\n\t\t\t<p>Vata: <input name=\"V_points\" type=\"number\" style=\"width: 70px;\" \/>\n\t\t\tPitta: <input name=\"P_points\" type=\"number\" style=\"width: 70px;\" \/>\n\t\t\tKapha: <input name=\"K_points\" type=\"number\" style=\"width: 70px;\" \/><\/p>\n\t\t\t<p><strong>Prakriti<\/strong> Es el tipo de constituci\u00f3n respectiva del individuo. Este es el principio de equilibrio de la buena salud f\u00edsica y moral. El desequilibrio dosico o estado actual del paciente se llama <strong>Vikriti<\/strong>.<\/p><br \/>\n\t\t\t<div class=\"mp-form-submit\"><input class=\"mepr-submit\" type=\"submit\" value=\"Elaborar la lista\" \/><\/div>\n\t\t<\/form><\/div><\/p>\n","protected":false},"author":78,"featured_media":0,"parent":0,"menu_order":0,"comment_status":"closed","ping_status":"closed","template":"","meta":{"_et_pb_use_builder":"on","_et_pb_old_content":"<link rel=\"shortcut icon\" type=\"image\/x-icon\" href=\"http:\/\/anandosha.com\/images\/favicon.ico\" \/>\r\n[insert_php] \r\n$svlang=get_bloginfo(\"language\"); \r\n$svlang=get_locale(); \r\n$svlang=\"es_ES\";\r\nglobal $current_user; get_currentuserinfo(); \r\n$svid=$current_user->ID;\r\n[\/insert_php]\r\n\r\nBienvenido [insert_php] echo $current_user->user_firstname; [\/insert_php],\r\n\r\nPor favor de completar con el nombre y la constituci\u00f3n de su cliente:\r\n\r\n<form action=\"http:\/\/anandosha.com\/form_verarb.php?svlang= [insert_php] echo $svlang;[\/insert_php]&svid= [insert_php] echo $svid; [\/insert_php]\" method=\"post\" name=\"engage\">\r\nNombre: <input name=\"Name\" type=\"text\" style=\"width: 200px;\" \/>\r\nV: <input name=\"V_points\" type=\"number\" style=\"width: 50px;\" \/> P: <input name=\"P_points\" type=\"number\" style=\"width: 50px;\" \/> K: <input name=\"K_points\" type=\"number\" style=\"width: 50px;\" \/>\r\n\r\n<input name=\"Constitution\" type=\"radio\" value=\"Prakriti\" checked> Prakriti <br \/>\r\n<input name=\"Constitution\" type=\"radio\" value=\"Vikriti\"> Vikriti <br \/>\r\n<?php include\"radio_value.php\"; ?>\r\n\r\n<strong>Prakriti<\/strong> Es el tipo de constituci\u00f3n respectiva del individuo. Este es el principio de equilibrio de la buena salud f\u00edsica y moral. El desequilibrio dosico o estado aktual del paciente se llama <strong>Vikriti<\/strong>.\r\n\r\n\r\n<input style=\"font-size: 135%;\" type=\"submit\" value=\"Pulse para la lista\" \/>\r\n<\/form>","_et_gb_content_width":"","footnotes":""},"class_list":["post-747","page","type-page","status-publish","hentry"],"yoast_head":"<!-- This site is optimized with the Yoast SEO plugin v27.5 - https:\/\/yoast.com\/product\/yoast-seo-wordpress\/ -->\n<title>Crear una lista ~ Ananda<\/title>\n<meta name=\"robots\" content=\"index, follow, max-snippet:-1, max-image-preview:large, max-video-preview:-1\" \/>\n<link rel=\"canonical\" href=\"https:\/\/anandosha.com\/es\/utilizar-ananda\/\" \/>\n<meta property=\"og:locale\" content=\"es_ES\" \/>\n<meta property=\"og:type\" content=\"article\" \/>\n<meta property=\"og:title\" content=\"Crear una lista ~ Ananda\" \/>\n<meta property=\"og:description\" content=\"Ananda Recomendaciones de dieta para la salud, basada en la sabidur\u00eda de Ayurveda\" \/>\n<meta property=\"og:url\" content=\"https:\/\/anandosha.com\/es\/utilizar-ananda\/\" \/>\n<meta property=\"og:site_name\" content=\"Ananda\" \/>\n<meta property=\"article:modified_time\" content=\"2023-01-03T13:03:44+00:00\" \/>\n<meta property=\"og:image\" content=\"http:\/\/anandosha.com\/wp-content\/uploads\/2019\/03\/ananda_logo-150x150.png\" \/>\n<meta name=\"twitter:card\" content=\"summary_large_image\" \/>\n<meta name=\"twitter:label1\" content=\"Tiempo de lectura\" \/>\n\t<meta name=\"twitter:data1\" content=\"2 minutos\" \/>\n<script type=\"application\/ld+json\" class=\"yoast-schema-graph\">{\"@context\":\"https:\\\/\\\/schema.org\",\"@graph\":[{\"@type\":\"WebPage\",\"@id\":\"https:\\\/\\\/anandosha.com\\\/es\\\/utilizar-ananda\\\/\",\"url\":\"https:\\\/\\\/anandosha.com\\\/es\\\/utilizar-ananda\\\/\",\"name\":\"Crear una lista ~ Ananda\",\"isPartOf\":{\"@id\":\"https:\\\/\\\/anandosha.com\\\/es\\\/#website\"},\"primaryImageOfPage\":{\"@id\":\"https:\\\/\\\/anandosha.com\\\/es\\\/utilizar-ananda\\\/#primaryimage\"},\"image\":{\"@id\":\"https:\\\/\\\/anandosha.com\\\/es\\\/utilizar-ananda\\\/#primaryimage\"},\"thumbnailUrl\":\"http:\\\/\\\/anandosha.com\\\/wp-content\\\/uploads\\\/2019\\\/03\\\/ananda_logo-150x150.png\",\"datePublished\":\"2017-06-28T12:41:04+00:00\",\"dateModified\":\"2023-01-03T13:03:44+00:00\",\"breadcrumb\":{\"@id\":\"https:\\\/\\\/anandosha.com\\\/es\\\/utilizar-ananda\\\/#breadcrumb\"},\"inLanguage\":\"es\",\"potentialAction\":[{\"@type\":\"ReadAction\",\"target\":[\"https:\\\/\\\/anandosha.com\\\/es\\\/utilizar-ananda\\\/\"]}]},{\"@type\":\"ImageObject\",\"inLanguage\":\"es\",\"@id\":\"https:\\\/\\\/anandosha.com\\\/es\\\/utilizar-ananda\\\/#primaryimage\",\"url\":\"http:\\\/\\\/anandosha.com\\\/wp-content\\\/uploads\\\/2019\\\/03\\\/ananda_logo-150x150.png\",\"contentUrl\":\"http:\\\/\\\/anandosha.com\\\/wp-content\\\/uploads\\\/2019\\\/03\\\/ananda_logo-150x150.png\"},{\"@type\":\"BreadcrumbList\",\"@id\":\"https:\\\/\\\/anandosha.com\\\/es\\\/utilizar-ananda\\\/#breadcrumb\",\"itemListElement\":[{\"@type\":\"ListItem\",\"position\":1,\"name\":\"Startseite\",\"item\":\"https:\\\/\\\/anandosha.com\\\/es\\\/\"},{\"@type\":\"ListItem\",\"position\":2,\"name\":\"Crear una lista\"}]},{\"@type\":\"WebSite\",\"@id\":\"https:\\\/\\\/anandosha.com\\\/es\\\/#website\",\"url\":\"https:\\\/\\\/anandosha.com\\\/es\\\/\",\"name\":\"Ananda\",\"description\":\"Ayurvedic wisdom-based diet recommendations for health\",\"potentialAction\":[{\"@type\":\"SearchAction\",\"target\":{\"@type\":\"EntryPoint\",\"urlTemplate\":\"https:\\\/\\\/anandosha.com\\\/es\\\/?s={search_term_string}\"},\"query-input\":{\"@type\":\"PropertyValueSpecification\",\"valueRequired\":true,\"valueName\":\"search_term_string\"}}],\"inLanguage\":\"es\"}]}<\/script>\n<!-- \/ Yoast SEO plugin. -->","yoast_head_json":{"title":"Crear una lista ~ Ananda","robots":{"index":"index","follow":"follow","max-snippet":"max-snippet:-1","max-image-preview":"max-image-preview:large","max-video-preview":"max-video-preview:-1"},"canonical":"https:\/\/anandosha.com\/es\/utilizar-ananda\/","og_locale":"es_ES","og_type":"article","og_title":"Crear una lista ~ Ananda","og_description":"Ananda Recomendaciones de dieta para la salud, basada en la sabidur\u00eda de Ayurveda","og_url":"https:\/\/anandosha.com\/es\/utilizar-ananda\/","og_site_name":"Ananda","article_modified_time":"2023-01-03T13:03:44+00:00","og_image":[{"url":"http:\/\/anandosha.com\/wp-content\/uploads\/2019\/03\/ananda_logo-150x150.png","type":"","width":"","height":""}],"twitter_card":"summary_large_image","twitter_misc":{"Tiempo de lectura":"2 minutos"},"schema":{"@context":"https:\/\/schema.org","@graph":[{"@type":"WebPage","@id":"https:\/\/anandosha.com\/es\/utilizar-ananda\/","url":"https:\/\/anandosha.com\/es\/utilizar-ananda\/","name":"Crear una lista ~ Ananda","isPartOf":{"@id":"https:\/\/anandosha.com\/es\/#website"},"primaryImageOfPage":{"@id":"https:\/\/anandosha.com\/es\/utilizar-ananda\/#primaryimage"},"image":{"@id":"https:\/\/anandosha.com\/es\/utilizar-ananda\/#primaryimage"},"thumbnailUrl":"http:\/\/anandosha.com\/wp-content\/uploads\/2019\/03\/ananda_logo-150x150.png","datePublished":"2017-06-28T12:41:04+00:00","dateModified":"2023-01-03T13:03:44+00:00","breadcrumb":{"@id":"https:\/\/anandosha.com\/es\/utilizar-ananda\/#breadcrumb"},"inLanguage":"es","potentialAction":[{"@type":"ReadAction","target":["https:\/\/anandosha.com\/es\/utilizar-ananda\/"]}]},{"@type":"ImageObject","inLanguage":"es","@id":"https:\/\/anandosha.com\/es\/utilizar-ananda\/#primaryimage","url":"http:\/\/anandosha.com\/wp-content\/uploads\/2019\/03\/ananda_logo-150x150.png","contentUrl":"http:\/\/anandosha.com\/wp-content\/uploads\/2019\/03\/ananda_logo-150x150.png"},{"@type":"BreadcrumbList","@id":"https:\/\/anandosha.com\/es\/utilizar-ananda\/#breadcrumb","itemListElement":[{"@type":"ListItem","position":1,"name":"Startseite","item":"https:\/\/anandosha.com\/es\/"},{"@type":"ListItem","position":2,"name":"Crear una lista"}]},{"@type":"WebSite","@id":"https:\/\/anandosha.com\/es\/#website","url":"https:\/\/anandosha.com\/es\/","name":"Ananda","description":"Ayurvedic wisdom-based diet recommendations for health","potentialAction":[{"@type":"SearchAction","target":{"@type":"EntryPoint","urlTemplate":"https:\/\/anandosha.com\/es\/?s={search_term_string}"},"query-input":{"@type":"PropertyValueSpecification","valueRequired":true,"valueName":"search_term_string"}}],"inLanguage":"es"}]}},"_links":{"self":[{"href":"https:\/\/anandosha.com\/es\/wp-json\/wp\/v2\/pages\/747","targetHints":{"allow":["GET"]}}],"collection":[{"href":"https:\/\/anandosha.com\/es\/wp-json\/wp\/v2\/pages"}],"about":[{"href":"https:\/\/anandosha.com\/es\/wp-json\/wp\/v2\/types\/page"}],"author":[{"embeddable":true,"href":"https:\/\/anandosha.com\/es\/wp-json\/wp\/v2\/users\/78"}],"replies":[{"embeddable":true,"href":"https:\/\/anandosha.com\/es\/wp-json\/wp\/v2\/comments?post=747"}],"version-history":[{"count":0,"href":"https:\/\/anandosha.com\/es\/wp-json\/wp\/v2\/pages\/747\/revisions"}],"wp:attachment":[{"href":"https:\/\/anandosha.com\/es\/wp-json\/wp\/v2\/media?parent=747"}],"curies":[{"name":"wp","href":"https:\/\/api.w.org\/{rel}","templated":true}]}}