{"id":530,"date":"2017-05-30T12:39:09","date_gmt":"2017-05-30T12:39:09","guid":{"rendered":"http:\/\/ayurplayground.karendrost.nl\/?page_id=530"},"modified":"2022-12-18T21:50:08","modified_gmt":"2022-12-18T21:50:08","slug":"comment-ca-marche","status":"publish","type":"page","link":"https:\/\/anandosha.com\/fr\/comment-ca-marche\/","title":{"rendered":"Comment \u00e7a marche"},"content":{"rendered":"<p>[et_pb_section fb_built=\u00a0\u00bb1&Prime; fullwidth=\u00a0\u00bbon\u00a0\u00bb _builder_version=\u00a0\u00bb4.16&Prime; saved_tabs=\u00a0\u00bball\u00a0\u00bb global_colors_info=\u00a0\u00bb{}\u00a0\u00bb][et_pb_fullwidth_image src=\u00a0\u00bbhttp:\/\/anandosha.com\/wp-content\/uploads\/2019\/02\/Food-Banner-16x.png\u00a0\u00bb _builder_version=\u00a0\u00bb4.16&Prime; global_colors_info=\u00a0\u00bb{}\u00a0\u00bb][\/et_pb_fullwidth_image][\/et_pb_section][et_pb_section fb_built=\u00a0\u00bb1&Prime; _builder_version=\u00a0\u00bb4.16&Prime; custom_padding=\u00a0\u00bb0px||0px\u00a0\u00bb saved_tabs=\u00a0\u00bball\u00a0\u00bb global_colors_info=\u00a0\u00bb{}\u00a0\u00bb][et_pb_row column_structure=\u00a0\u00bb1_4,1_2,1_4&Prime; use_custom_gutter=\u00a0\u00bbon\u00a0\u00bb gutter_width=\u00a0\u00bb1&Prime; _builder_version=\u00a0\u00bb4.16&Prime; custom_margin=\u00a0\u00bb0px||\u00a0\u00bb custom_padding=\u00a0\u00bb7px||1px\u00a0\u00bb global_colors_info=\u00a0\u00bb{}\u00a0\u00bb][et_pb_column type=\u00a0\u00bb1_4&Prime; _builder_version=\u00a0\u00bb4.16&Prime; custom_padding=\u00a0\u00bb|||\u00a0\u00bb custom_css_main_element=\u00a0\u00bbwidth: 90px !important;\u00a0\u00bb global_colors_info=\u00a0\u00bb{}\u00a0\u00bb custom_padding__hover=\u00a0\u00bb|||\u00a0\u00bb][et_pb_text disabled_on=\u00a0\u00bbon|on|off\u00a0\u00bb _builder_version=\u00a0\u00bb4.16&Prime; custom_padding=\u00a0\u00bb0px||0px|0px\u00a0\u00bb global_colors_info=\u00a0\u00bb{}\u00a0\u00bb]<\/p>\n<p><img decoding=\"async\" src=\"http:\/\/anandosha.com\/wp-content\/uploads\/2019\/03\/ananda_logo-150x150.png\" width=\"80\" height=\"80\" alt=\"Ananda logo\" class=\"wp-image-48566 alignnone size-thumbnail\" srcset=\"https:\/\/anandosha.com\/wp-content\/uploads\/2019\/03\/ananda_logo-150x150.png 150w, https:\/\/anandosha.com\/wp-content\/uploads\/2019\/03\/ananda_logo-300x300.png 300w, https:\/\/anandosha.com\/wp-content\/uploads\/2019\/03\/ananda_logo-768x768.png 768w, https:\/\/anandosha.com\/wp-content\/uploads\/2019\/03\/ananda_logo.png 1000w\" sizes=\"(max-width: 80px) 100vw, 80px\" \/><\/p>\n<p>[\/et_pb_text][\/et_pb_column][et_pb_column type=\u00a0\u00bb1_2&Prime; _builder_version=\u00a0\u00bb4.16&Prime; custom_padding=\u00a0\u00bb|||0px\u00a0\u00bb custom_css_main_element=\u00a0\u00bbwidth: auto !important;\u00a0\u00bb global_colors_info=\u00a0\u00bb{}\u00a0\u00bb custom_padding__hover=\u00a0\u00bb|||\u00a0\u00bb][et_pb_text _builder_version=\u00a0\u00bb4.16&Prime; text_font=\u00a0\u00bbAladin||||||||\u00a0\u00bb text_font_size=\u00a0\u00bb21px\u00a0\u00bb text_letter_spacing=\u00a0\u00bb1px\u00a0\u00bb text_line_height=\u00a0\u00bb1em\u00a0\u00bb quote_font=\u00a0\u00bb||||||||\u00a0\u00bb header_font=\u00a0\u00bb|700|||||||\u00a0\u00bb header_font_size=\u00a0\u00bb50px\u00a0\u00bb header_letter_spacing=\u00a0\u00bb5px\u00a0\u00bb header_line_height=\u00a0\u00bb0.8em\u00a0\u00bb custom_margin=\u00a0\u00bb0px|||\u00a0\u00bb custom_padding=\u00a0\u00bb8px|0px||0px\u00a0\u00bb header_text_shadow_style=\u00a0\u00bbpreset2&Prime; header_text_shadow_horizontal_length=\u00a0\u00bb0.04em\u00a0\u00bb header_text_shadow_vertical_length=\u00a0\u00bb0.04em\u00a0\u00bb header_text_shadow_blur_strength=\u00a0\u00bb0.06em\u00a0\u00bb header_text_shadow_color=\u00a0\u00bb#d02e8a\u00a0\u00bb global_colors_info=\u00a0\u00bb{}\u00a0\u00bb]<\/p>\n<h1>Ananda<\/h1>\n<p>Recommandations pour la sant\u00e9 bas\u00e9es sur la sagesse Ayurv\u00e9dique[\/et_pb_text][\/et_pb_column][et_pb_column type=\u00a0\u00bb1_4&Prime; _builder_version=\u00a0\u00bb4.16&Prime; custom_padding=\u00a0\u00bb|||0px\u00a0\u00bb custom_css_main_element=\u00a0\u00bbwidth: 270px !important;\u00a0\u00bb global_colors_info=\u00a0\u00bb{}\u00a0\u00bb custom_padding__hover=\u00a0\u00bb|||\u00a0\u00bb][et_pb_text disabled_on=\u00a0\u00bbon|on|off\u00a0\u00bb module_class=\u00a0\u00bbunicorn-logo\u00a0\u00bb _builder_version=\u00a0\u00bb4.16&Prime; text_font=\u00a0\u00bbAladin||||||||\u00a0\u00bb text_text_color=\u00a0\u00bb#cd0074&Prime; text_letter_spacing=\u00a0\u00bb1px\u00a0\u00bb text_line_height=\u00a0\u00bb0.7em\u00a0\u00bb custom_margin=\u00a0\u00bb|||\u00a0\u00bb link_option_url=\u00a0\u00bbhttps:\/\/justgopink.com\u00a0\u00bb link_option_url_new_window=\u00a0\u00bbon\u00a0\u00bb saved_tabs=\u00a0\u00bball\u00a0\u00bb global_colors_info=\u00a0\u00bb{}\u00a0\u00bb]<\/p>\n<p><img decoding=\"async\" src=\"http:\/\/anandosha.com\/wp-content\/uploads\/2019\/03\/Einhorn10-Quer-e1551780904387.png\" width=\"260\" height=\"80\" alt=\"Just Go Pink! Ayurveda and Yoga for a healthy life\" class=\"wp-image-48772 alignnone size-full\" \/><\/p>\n<p>[\/et_pb_text][\/et_pb_column][\/et_pb_row][\/et_pb_section][et_pb_section fb_built=\u00a0\u00bb1&Prime; fullwidth=\u00a0\u00bbon\u00a0\u00bb _builder_version=\u00a0\u00bb4.16&Prime; custom_padding=\u00a0\u00bb0|0px|2px|0px|false|false\u00a0\u00bb global_colors_info=\u00a0\u00bb{}\u00a0\u00bb][et_pb_fullwidth_menu menu_id=\u00a0\u00bb24&Prime; fullwidth_menu=\u00a0\u00bboff\u00a0\u00bb active_link_color=\u00a0\u00bb#ffffff\u00a0\u00bb dropdown_menu_bg_color=\u00a0\u00bb#570784&Prime; dropdown_menu_text_color=\u00a0\u00bb#ffffff\u00a0\u00bb mobile_menu_bg_color=\u00a0\u00bb#570784&Prime; mobile_menu_text_color=\u00a0\u00bb#ffffff\u00a0\u00bb _builder_version=\u00a0\u00bb4.16&Prime; menu_font=\u00a0\u00bb||||||||\u00a0\u00bb menu_text_color=\u00a0\u00bb#ffffff\u00a0\u00bb menu_font_size=\u00a0\u00bb15px\u00a0\u00bb menu_letter_spacing=\u00a0\u00bb1px\u00a0\u00bb background_color=\u00a0\u00bb#570784&Prime; background_layout=\u00a0\u00bbdark\u00a0\u00bb custom_padding=\u00a0\u00bb0px||0px||false\u00a0\u00bb saved_tabs=\u00a0\u00bball\u00a0\u00bb global_colors_info=\u00a0\u00bb{}\u00a0\u00bb][\/et_pb_fullwidth_menu][\/et_pb_section][et_pb_section fb_built=\u00a0\u00bb1&Prime; _builder_version=\u00a0\u00bb4.16&Prime; custom_padding=\u00a0\u00bb0|0|5px|0px|false|false\u00a0\u00bb saved_tabs=\u00a0\u00bball\u00a0\u00bb global_colors_info=\u00a0\u00bb{}\u00a0\u00bb][et_pb_row column_structure=\u00a0\u00bb3_5,2_5&Prime; use_custom_gutter=\u00a0\u00bbon\u00a0\u00bb gutter_width=\u00a0\u00bb1&Prime; _builder_version=\u00a0\u00bb4.16&Prime; custom_padding=\u00a0\u00bb14px|0px|18px|0px|false|false\u00a0\u00bb global_colors_info=\u00a0\u00bb{}\u00a0\u00bb][et_pb_column type=\u00a0\u00bb3_5&Prime; _builder_version=\u00a0\u00bb4.16&Prime; custom_padding=\u00a0\u00bb|||\u00a0\u00bb global_colors_info=\u00a0\u00bb{}\u00a0\u00bb custom_padding__hover=\u00a0\u00bb|||\u00a0\u00bb][et_pb_text _builder_version=\u00a0\u00bb4.16&Prime; text_font=\u00a0\u00bbVerdana||||||||\u00a0\u00bb text_font_size=\u00a0\u00bb15px\u00a0\u00bb text_letter_spacing=\u00a0\u00bb1px\u00a0\u00bb text_line_height=\u00a0\u00bb1.8em\u00a0\u00bb header_font=\u00a0\u00bb||||||||\u00a0\u00bb header_2_font=\u00a0\u00bb||||||||\u00a0\u00bb background_color=\u00a0\u00bbrgba(201,74,142,0.12)\u00a0\u00bb background_image=\u00a0\u00bbhttp:\/\/anandosha.com\/wp-content\/uploads\/2019\/02\/Unicorn-ohne-f\u00fcllung6.png\u00a0\u00bb background_size=\u00a0\u00bbcontain\u00a0\u00bb background_position=\u00a0\u00bbtop_center\u00a0\u00bb background_repeat=\u00a0\u00bbrepeat-y\u00a0\u00bb background_blend=\u00a0\u00bbsaturation\u00a0\u00bb custom_padding=\u00a0\u00bb15px|25px|15px|25px|true|true\u00a0\u00bb border_radii=\u00a0\u00bbon|10px|10px|10px|10px\u00a0\u00bb box_shadow_style=\u00a0\u00bbpreset2&Prime; saved_tabs=\u00a0\u00bball\u00a0\u00bb global_colors_info=\u00a0\u00bb{}\u00a0\u00bb]<\/p>\n<h2>Comment \u00e7a marche<\/h2>\n<p>Tout ce que vous avez \u00e0 faire est de remplir les champs avec le nom et les 3 chiffres qui repr\u00e9sentent la constitution de votre client:<\/p>\n<p><div id=\"attachment_49975\" style=\"width: 1034px\" class=\"wp-caption alignnone\"><img decoding=\"async\" aria-describedby=\"caption-attachment-49975\" src=\"http:\/\/anandosha.com\/wp-content\/uploads\/2019\/04\/Screenshot-Bienvenue-FR-1024x710.png\" width=\"1024\" height=\"714\" alt=\"Capture d'\u00e9cran de la page de saisie\" class=\"wp-image-49975 size-large\" \/><p id=\"caption-attachment-49975\" class=\"wp-caption-text\">Capture d&rsquo;\u00e9cran de la page de saisie<\/p><\/div>Dans cet exemple, nous avons utilis\u00e9 75 points pour Vata, 30 pour Pitta et 45 pour Kapha. En arri\u00e8re-plan, ceux-ci sont convertis en pourcentages et un fichier PDF sera mis en un rien de temps \u00e0 votre disposition, avec toutes les denr\u00e9es alimentaires dans les 12 cat\u00e9gories. Celles-ci serons affich\u00e9es par ordre alphab\u00e9tique dans chaque cat\u00e9gorie et derri\u00e8re chaque \u00e9l\u00e9ment se trouve un pourcentage qui montre si la nourriture est bonne (bleu), mauvaise (rouge) ou interm\u00e9diaire (jaune).<\/p>\n<p>Cliquez <a href=\"http:\/\/anandosha.com\/wp-content\/examples\/Hercule-Poirot.pdf\" target=\"_blank\" rel=\"noopener noreferrer\"><strong>ici<\/strong><\/a> pour t\u00e9l\u00e9charger un exemple du fichier de sortie (en PDF).<\/p>\n<p>[\/et_pb_text][\/et_pb_column][et_pb_column type=\u00a0\u00bb2_5&Prime; _builder_version=\u00a0\u00bb4.16&Prime; custom_padding=\u00a0\u00bb|||\u00a0\u00bb global_colors_info=\u00a0\u00bb{}\u00a0\u00bb custom_padding__hover=\u00a0\u00bb|||\u00a0\u00bb][et_pb_sidebar orientation=\u00a0\u00bbright\u00a0\u00bb area=\u00a0\u00bbet_pb_widget_area_1&Prime; show_border=\u00a0\u00bboff\u00a0\u00bb _builder_version=\u00a0\u00bb4.16&Prime; text_orientation=\u00a0\u00bbright\u00a0\u00bb custom_margin=\u00a0\u00bb|74px||\u00a0\u00bb saved_tabs=\u00a0\u00bball\u00a0\u00bb global_colors_info=\u00a0\u00bb{}\u00a0\u00bb][\/et_pb_sidebar][\/et_pb_column][\/et_pb_row][\/et_pb_section]<\/p>\n","protected":false},"excerpt":{"rendered":"<p>Ananda Recommandations pour la sant\u00e9 bas\u00e9es sur la sagesse Ayurv\u00e9diqueComment \u00e7a marche Tout ce que vous avez \u00e0 faire est de remplir les champs avec le nom et les 3 chiffres qui repr\u00e9sentent la constitution de votre client: Dans cet exemple, nous avons utilis\u00e9 75 points pour Vata, 30 pour Pitta et 45 pour Kapha. [&hellip;]<\/p>\n","protected":false},"author":78,"featured_media":0,"parent":0,"menu_order":0,"comment_status":"closed","ping_status":"closed","template":"","meta":{"_et_pb_use_builder":"on","_et_pb_old_content":"Tout ce que vous avez \u00e0 faire est de remplir les champs avec le nom et les 3 chiffres qui repr\u00e9sentent la constitution de votre client:\r\n\r\n[caption id=\"attachment_1029\" align=\"aligncenter\" width=\"499\"]<img class=\" wp-image-1029\" style=\"border: 5px solid white;\" src=\"http:\/\/anandosha.com\/wp-content\/examples\/Screenshot-Bienvenue-FR.png\" alt=\"Capture d'\u00e9cran de la page de saisie\" width=\"499\" height=\"196\" \/> Capture d'\u00e9cran de la page de saisie[\/caption]\r\n\r\nDans cet exemple, nous avons utilis\u00e9 75 points pour Vata, 30 pour Pitta et 45 pour Kapha. En arri\u00e8re-plan, ceux-ci sont convertis en pourcentages et un fichier PDF sera mis en un rien de temps \u00e0 votre disposition, avec toutes les denr\u00e9es alimentaires dans les 12 cat\u00e9gories. Celles-ci serons affich\u00e9es par ordre alphab\u00e9tique dans chaque cat\u00e9gorie et derri\u00e8re chaque \u00e9l\u00e9ment se trouve un pourcentage qui montre si la nourriture est bonne (bleu), mauvaise (rouge) ou interm\u00e9diaire (jaune).\r\n\r\nCliquez <a href=\"http:\/\/anandosha.com\/wp-content\/examples\/Hercule-Poirot.pdf\" target=\"_blank\" rel=\"noopener\"><strong>ici<\/strong><\/a> pour t\u00e9l\u00e9charger un exemple du fichier de sortie (en PDF).","_et_gb_content_width":"","footnotes":""},"class_list":["post-530","page","type-page","status-publish","hentry"],"yoast_head":"<!-- This site is optimized with the Yoast SEO plugin v27.5 - https:\/\/yoast.com\/product\/yoast-seo-wordpress\/ -->\n<title>Comment \u00e7a marche ~ Ananda<\/title>\n<meta name=\"robots\" content=\"index, follow, max-snippet:-1, max-image-preview:large, max-video-preview:-1\" \/>\n<link rel=\"canonical\" href=\"https:\/\/anandosha.com\/fr\/comment-ca-marche\/\" \/>\n<meta property=\"og:locale\" content=\"fr_FR\" \/>\n<meta property=\"og:type\" content=\"article\" \/>\n<meta property=\"og:title\" content=\"Comment \u00e7a marche ~ Ananda\" \/>\n<meta property=\"og:description\" content=\"Ananda Recommandations pour la sant\u00e9 bas\u00e9es sur la sagesse Ayurv\u00e9diqueComment \u00e7a marche Tout ce que vous avez \u00e0 faire est de remplir les champs avec le nom et les 3 chiffres qui repr\u00e9sentent la constitution de votre client: Dans cet exemple, nous avons utilis\u00e9 75 points pour Vata, 30 pour Pitta et 45 pour Kapha. [&hellip;]\" \/>\n<meta property=\"og:url\" content=\"https:\/\/anandosha.com\/fr\/comment-ca-marche\/\" \/>\n<meta property=\"og:site_name\" content=\"Ananda\" \/>\n<meta property=\"article:modified_time\" content=\"2022-12-18T21:50:08+00:00\" \/>\n<meta property=\"og:image\" content=\"http:\/\/anandosha.com\/wp-content\/uploads\/2019\/03\/ananda_logo-150x150.png\" \/>\n<meta name=\"twitter:card\" content=\"summary_large_image\" \/>\n<meta name=\"twitter:label1\" content=\"Dur\u00e9e de lecture estim\u00e9e\" \/>\n\t<meta name=\"twitter:data1\" content=\"4 minutes\" \/>\n<script type=\"application\/ld+json\" class=\"yoast-schema-graph\">{\"@context\":\"https:\\\/\\\/schema.org\",\"@graph\":[{\"@type\":\"WebPage\",\"@id\":\"https:\\\/\\\/anandosha.com\\\/fr\\\/comment-ca-marche\\\/\",\"url\":\"https:\\\/\\\/anandosha.com\\\/fr\\\/comment-ca-marche\\\/\",\"name\":\"Comment \u00e7a marche ~ Ananda\",\"isPartOf\":{\"@id\":\"https:\\\/\\\/anandosha.com\\\/fr\\\/#website\"},\"primaryImageOfPage\":{\"@id\":\"https:\\\/\\\/anandosha.com\\\/fr\\\/comment-ca-marche\\\/#primaryimage\"},\"image\":{\"@id\":\"https:\\\/\\\/anandosha.com\\\/fr\\\/comment-ca-marche\\\/#primaryimage\"},\"thumbnailUrl\":\"http:\\\/\\\/anandosha.com\\\/wp-content\\\/uploads\\\/2019\\\/03\\\/ananda_logo-150x150.png\",\"datePublished\":\"2017-05-30T12:39:09+00:00\",\"dateModified\":\"2022-12-18T21:50:08+00:00\",\"breadcrumb\":{\"@id\":\"https:\\\/\\\/anandosha.com\\\/fr\\\/comment-ca-marche\\\/#breadcrumb\"},\"inLanguage\":\"fr-FR\",\"potentialAction\":[{\"@type\":\"ReadAction\",\"target\":[\"https:\\\/\\\/anandosha.com\\\/fr\\\/comment-ca-marche\\\/\"]}]},{\"@type\":\"ImageObject\",\"inLanguage\":\"fr-FR\",\"@id\":\"https:\\\/\\\/anandosha.com\\\/fr\\\/comment-ca-marche\\\/#primaryimage\",\"url\":\"http:\\\/\\\/anandosha.com\\\/wp-content\\\/uploads\\\/2019\\\/03\\\/ananda_logo-150x150.png\",\"contentUrl\":\"http:\\\/\\\/anandosha.com\\\/wp-content\\\/uploads\\\/2019\\\/03\\\/ananda_logo-150x150.png\"},{\"@type\":\"BreadcrumbList\",\"@id\":\"https:\\\/\\\/anandosha.com\\\/fr\\\/comment-ca-marche\\\/#breadcrumb\",\"itemListElement\":[{\"@type\":\"ListItem\",\"position\":1,\"name\":\"Startseite\",\"item\":\"https:\\\/\\\/anandosha.com\\\/fr\\\/\"},{\"@type\":\"ListItem\",\"position\":2,\"name\":\"Comment \u00e7a marche\"}]},{\"@type\":\"WebSite\",\"@id\":\"https:\\\/\\\/anandosha.com\\\/fr\\\/#website\",\"url\":\"https:\\\/\\\/anandosha.com\\\/fr\\\/\",\"name\":\"Ananda\",\"description\":\"Recommandations pour la sant\u00e9 bas\u00e9es sur la sagesse Ayurv\u00e9dique\",\"potentialAction\":[{\"@type\":\"SearchAction\",\"target\":{\"@type\":\"EntryPoint\",\"urlTemplate\":\"https:\\\/\\\/anandosha.com\\\/fr\\\/?s={search_term_string}\"},\"query-input\":{\"@type\":\"PropertyValueSpecification\",\"valueRequired\":true,\"valueName\":\"search_term_string\"}}],\"inLanguage\":\"fr-FR\"}]}<\/script>\n<!-- \/ Yoast SEO plugin. -->","yoast_head_json":{"title":"Comment \u00e7a marche ~ Ananda","robots":{"index":"index","follow":"follow","max-snippet":"max-snippet:-1","max-image-preview":"max-image-preview:large","max-video-preview":"max-video-preview:-1"},"canonical":"https:\/\/anandosha.com\/fr\/comment-ca-marche\/","og_locale":"fr_FR","og_type":"article","og_title":"Comment \u00e7a marche ~ Ananda","og_description":"Ananda Recommandations pour la sant\u00e9 bas\u00e9es sur la sagesse Ayurv\u00e9diqueComment \u00e7a marche Tout ce que vous avez \u00e0 faire est de remplir les champs avec le nom et les 3 chiffres qui repr\u00e9sentent la constitution de votre client: Dans cet exemple, nous avons utilis\u00e9 75 points pour Vata, 30 pour Pitta et 45 pour Kapha. [&hellip;]","og_url":"https:\/\/anandosha.com\/fr\/comment-ca-marche\/","og_site_name":"Ananda","article_modified_time":"2022-12-18T21:50:08+00:00","og_image":[{"url":"http:\/\/anandosha.com\/wp-content\/uploads\/2019\/03\/ananda_logo-150x150.png","type":"","width":"","height":""}],"twitter_card":"summary_large_image","twitter_misc":{"Dur\u00e9e de lecture estim\u00e9e":"4 minutes"},"schema":{"@context":"https:\/\/schema.org","@graph":[{"@type":"WebPage","@id":"https:\/\/anandosha.com\/fr\/comment-ca-marche\/","url":"https:\/\/anandosha.com\/fr\/comment-ca-marche\/","name":"Comment \u00e7a marche ~ Ananda","isPartOf":{"@id":"https:\/\/anandosha.com\/fr\/#website"},"primaryImageOfPage":{"@id":"https:\/\/anandosha.com\/fr\/comment-ca-marche\/#primaryimage"},"image":{"@id":"https:\/\/anandosha.com\/fr\/comment-ca-marche\/#primaryimage"},"thumbnailUrl":"http:\/\/anandosha.com\/wp-content\/uploads\/2019\/03\/ananda_logo-150x150.png","datePublished":"2017-05-30T12:39:09+00:00","dateModified":"2022-12-18T21:50:08+00:00","breadcrumb":{"@id":"https:\/\/anandosha.com\/fr\/comment-ca-marche\/#breadcrumb"},"inLanguage":"fr-FR","potentialAction":[{"@type":"ReadAction","target":["https:\/\/anandosha.com\/fr\/comment-ca-marche\/"]}]},{"@type":"ImageObject","inLanguage":"fr-FR","@id":"https:\/\/anandosha.com\/fr\/comment-ca-marche\/#primaryimage","url":"http:\/\/anandosha.com\/wp-content\/uploads\/2019\/03\/ananda_logo-150x150.png","contentUrl":"http:\/\/anandosha.com\/wp-content\/uploads\/2019\/03\/ananda_logo-150x150.png"},{"@type":"BreadcrumbList","@id":"https:\/\/anandosha.com\/fr\/comment-ca-marche\/#breadcrumb","itemListElement":[{"@type":"ListItem","position":1,"name":"Startseite","item":"https:\/\/anandosha.com\/fr\/"},{"@type":"ListItem","position":2,"name":"Comment \u00e7a marche"}]},{"@type":"WebSite","@id":"https:\/\/anandosha.com\/fr\/#website","url":"https:\/\/anandosha.com\/fr\/","name":"Ananda","description":"Recommandations pour la sant\u00e9 bas\u00e9es sur la sagesse Ayurv\u00e9dique","potentialAction":[{"@type":"SearchAction","target":{"@type":"EntryPoint","urlTemplate":"https:\/\/anandosha.com\/fr\/?s={search_term_string}"},"query-input":{"@type":"PropertyValueSpecification","valueRequired":true,"valueName":"search_term_string"}}],"inLanguage":"fr-FR"}]}},"_links":{"self":[{"href":"https:\/\/anandosha.com\/fr\/wp-json\/wp\/v2\/pages\/530","targetHints":{"allow":["GET"]}}],"collection":[{"href":"https:\/\/anandosha.com\/fr\/wp-json\/wp\/v2\/pages"}],"about":[{"href":"https:\/\/anandosha.com\/fr\/wp-json\/wp\/v2\/types\/page"}],"author":[{"embeddable":true,"href":"https:\/\/anandosha.com\/fr\/wp-json\/wp\/v2\/users\/78"}],"replies":[{"embeddable":true,"href":"https:\/\/anandosha.com\/fr\/wp-json\/wp\/v2\/comments?post=530"}],"version-history":[{"count":0,"href":"https:\/\/anandosha.com\/fr\/wp-json\/wp\/v2\/pages\/530\/revisions"}],"wp:attachment":[{"href":"https:\/\/anandosha.com\/fr\/wp-json\/wp\/v2\/media?parent=530"}],"curies":[{"name":"wp","href":"https:\/\/api.w.org\/{rel}","templated":true}]}}