{"id":53915,"date":"2023-01-02T12:36:01","date_gmt":"2023-01-02T12:36:01","guid":{"rendered":"http:\/\/anandosha.com\/?page_id=53915"},"modified":"2023-01-03T16:32:01","modified_gmt":"2023-01-03T16:32:01","slug":"connexion-privee","status":"publish","type":"page","link":"https:\/\/anandosha.com\/fr\/connexion-privee\/","title":{"rendered":"Connexion priv\u00e9e"},"content":{"rendered":"<p>[et_pb_section fb_built=\u00a0\u00bb1&Prime; fullwidth=\u00a0\u00bbon\u00a0\u00bb _builder_version=\u00a0\u00bb4.16&Prime; saved_tabs=\u00a0\u00bball\u00a0\u00bb global_colors_info=\u00a0\u00bb{}\u00a0\u00bb][et_pb_fullwidth_image src=\u00a0\u00bbhttp:\/\/anandosha.com\/wp-content\/uploads\/2019\/10\/Food-Banner.png\u00a0\u00bb _builder_version=\u00a0\u00bb4.16&Prime; global_colors_info=\u00a0\u00bb{}\u00a0\u00bb][\/et_pb_fullwidth_image][\/et_pb_section][et_pb_section fb_built=\u00a0\u00bb1&Prime; _builder_version=\u00a0\u00bb4.16&Prime; custom_padding=\u00a0\u00bb0px||0px\u00a0\u00bb saved_tabs=\u00a0\u00bball\u00a0\u00bb global_colors_info=\u00a0\u00bb{}\u00a0\u00bb][et_pb_row column_structure=\u00a0\u00bb1_4,1_2,1_4&Prime; use_custom_gutter=\u00a0\u00bbon\u00a0\u00bb gutter_width=\u00a0\u00bb1&Prime; _builder_version=\u00a0\u00bb4.16&Prime; custom_margin=\u00a0\u00bb0px||\u00a0\u00bb custom_padding=\u00a0\u00bb7px||1px\u00a0\u00bb global_colors_info=\u00a0\u00bb{}\u00a0\u00bb][et_pb_column type=\u00a0\u00bb1_4&Prime; _builder_version=\u00a0\u00bb4.16&Prime; custom_padding=\u00a0\u00bb|||\u00a0\u00bb custom_css_main_element=\u00a0\u00bbwidth: 90px !important;\u00a0\u00bb global_colors_info=\u00a0\u00bb{}\u00a0\u00bb custom_padding__hover=\u00a0\u00bb|||\u00a0\u00bb][et_pb_text disabled_on=\u00a0\u00bbon|on|off\u00a0\u00bb module_class=\u00a0\u00bbsite-logo\u00a0\u00bb _builder_version=\u00a0\u00bb4.16&Prime; custom_padding=\u00a0\u00bb0px||0px|0px\u00a0\u00bb global_colors_info=\u00a0\u00bb{}\u00a0\u00bb]<\/p>\n<p><img decoding=\"async\" src=\"http:\/\/anandosha.com\/wp-content\/uploads\/2019\/03\/ananda_logo-150x150.png\" width=\"80\" height=\"80\" alt=\"Ananda logo\" class=\"wp-image-48566 alignnone size-thumbnail\" srcset=\"https:\/\/anandosha.com\/wp-content\/uploads\/2019\/03\/ananda_logo-150x150.png 150w, https:\/\/anandosha.com\/wp-content\/uploads\/2019\/03\/ananda_logo-300x300.png 300w, https:\/\/anandosha.com\/wp-content\/uploads\/2019\/03\/ananda_logo-768x768.png 768w, https:\/\/anandosha.com\/wp-content\/uploads\/2019\/03\/ananda_logo.png 1000w\" sizes=\"(max-width: 80px) 100vw, 80px\" \/><\/p>\n<p>[\/et_pb_text][\/et_pb_column][et_pb_column type=\u00a0\u00bb1_2&Prime; _builder_version=\u00a0\u00bb4.16&Prime; custom_padding=\u00a0\u00bb|||0px\u00a0\u00bb custom_css_main_element=\u00a0\u00bbwidth: auto !important;\u00a0\u00bb global_colors_info=\u00a0\u00bb{}\u00a0\u00bb custom_padding__hover=\u00a0\u00bb|||\u00a0\u00bb][et_pb_text _builder_version=\u00a0\u00bb4.19.4&Prime; text_font=\u00a0\u00bbAladin||||||||\u00a0\u00bb text_font_size=\u00a0\u00bb20px\u00a0\u00bb text_letter_spacing=\u00a0\u00bb1px\u00a0\u00bb text_line_height=\u00a0\u00bb1em\u00a0\u00bb quote_font=\u00a0\u00bb||||||||\u00a0\u00bb header_font=\u00a0\u00bb|700|||||||\u00a0\u00bb header_font_size=\u00a0\u00bb50px\u00a0\u00bb header_letter_spacing=\u00a0\u00bb5px\u00a0\u00bb header_line_height=\u00a0\u00bb0.8em\u00a0\u00bb custom_margin=\u00a0\u00bb0px|||\u00a0\u00bb custom_padding=\u00a0\u00bb8px|0px||0px\u00a0\u00bb hover_enabled=\u00a0\u00bb0&Prime; header_text_shadow_style=\u00a0\u00bbpreset2&Prime; header_text_shadow_horizontal_length=\u00a0\u00bb0.04em\u00a0\u00bb header_text_shadow_vertical_length=\u00a0\u00bb0.04em\u00a0\u00bb header_text_shadow_blur_strength=\u00a0\u00bb0.06em\u00a0\u00bb header_text_shadow_color=\u00a0\u00bb#d02e8a\u00a0\u00bb global_colors_info=\u00a0\u00bb{}\u00a0\u00bb sticky_enabled=\u00a0\u00bb0&Prime;]<\/p>\n<h1>Ananda<\/h1>\n<p>Recommandations pour la sant\u00e9 bas\u00e9es sur la sagesse Ayurv\u00e9dique<\/p>\n<p>[\/et_pb_text][\/et_pb_column][et_pb_column type=\u00a0\u00bb1_4&Prime; _builder_version=\u00a0\u00bb4.16&Prime; custom_padding=\u00a0\u00bb|||0px\u00a0\u00bb custom_css_main_element=\u00a0\u00bbwidth: 270px !important;\u00a0\u00bb global_colors_info=\u00a0\u00bb{}\u00a0\u00bb custom_padding__hover=\u00a0\u00bb|||\u00a0\u00bb][et_pb_text disabled_on=\u00a0\u00bbon|on|off\u00a0\u00bb module_class=\u00a0\u00bbunicorn-logo\u00a0\u00bb _builder_version=\u00a0\u00bb4.16&Prime; text_font=\u00a0\u00bbAladin||||||||\u00a0\u00bb text_text_color=\u00a0\u00bb#cd0074&Prime; text_letter_spacing=\u00a0\u00bb1px\u00a0\u00bb text_line_height=\u00a0\u00bb0.7em\u00a0\u00bb custom_margin=\u00a0\u00bb|||\u00a0\u00bb link_option_url=\u00a0\u00bbhttps:\/\/justgopink.com\u00a0\u00bb link_option_url_new_window=\u00a0\u00bbon\u00a0\u00bb global_colors_info=\u00a0\u00bb{}\u00a0\u00bb]<\/p>\n<p><img decoding=\"async\" src=\"http:\/\/anandosha.com\/wp-content\/uploads\/2019\/03\/Einhorn10-Quer-e1551780904387.png\" width=\"260\" height=\"80\" alt=\"Just Go Pink! Ayurveda and Yoga for a healthy life\" class=\"wp-image-48772 alignnone size-full\" \/><\/p>\n<p>[\/et_pb_text][\/et_pb_column][\/et_pb_row][\/et_pb_section][et_pb_section fb_built=\u00a0\u00bb1&Prime; fullwidth=\u00a0\u00bbon\u00a0\u00bb _builder_version=\u00a0\u00bb4.16&Prime; custom_padding=\u00a0\u00bb0|0px|2px|0px|false|false\u00a0\u00bb global_colors_info=\u00a0\u00bb{}\u00a0\u00bb][et_pb_fullwidth_menu menu_id=\u00a0\u00bb29&Prime; fullwidth_menu=\u00a0\u00bboff\u00a0\u00bb active_link_color=\u00a0\u00bb#ffffff\u00a0\u00bb dropdown_menu_bg_color=\u00a0\u00bb#570784&Prime; dropdown_menu_text_color=\u00a0\u00bb#ffffff\u00a0\u00bb mobile_menu_bg_color=\u00a0\u00bb#570784&Prime; mobile_menu_text_color=\u00a0\u00bb#ffffff\u00a0\u00bb module_class=\u00a0\u00bbcustom-menu\u00a0\u00bb _builder_version=\u00a0\u00bb4.16&Prime; menu_font=\u00a0\u00bb||||||||\u00a0\u00bb menu_text_color=\u00a0\u00bb#ffffff\u00a0\u00bb menu_font_size=\u00a0\u00bb15px\u00a0\u00bb menu_letter_spacing=\u00a0\u00bb1px\u00a0\u00bb background_color=\u00a0\u00bb#570784&Prime; background_layout=\u00a0\u00bbdark\u00a0\u00bb max_width=\u00a0\u00bb100%\u00a0\u00bb custom_padding=\u00a0\u00bb0px||0px||false\u00a0\u00bb saved_tabs=\u00a0\u00bball\u00a0\u00bb global_colors_info=\u00a0\u00bb{}\u00a0\u00bb][\/et_pb_fullwidth_menu][\/et_pb_section][et_pb_section fb_built=\u00a0\u00bb1&Prime; _builder_version=\u00a0\u00bb4.16&Prime; custom_padding=\u00a0\u00bb0|0|5px|0px|false|false\u00a0\u00bb saved_tabs=\u00a0\u00bball\u00a0\u00bb global_colors_info=\u00a0\u00bb{}\u00a0\u00bb][et_pb_row column_structure=\u00a0\u00bb3_5,2_5&Prime; use_custom_gutter=\u00a0\u00bbon\u00a0\u00bb gutter_width=\u00a0\u00bb1&Prime; _builder_version=\u00a0\u00bb4.16&Prime; custom_padding=\u00a0\u00bb14px|0px|18px|0px|false|false\u00a0\u00bb global_colors_info=\u00a0\u00bb{}\u00a0\u00bb][et_pb_column type=\u00a0\u00bb3_5&Prime; _builder_version=\u00a0\u00bb4.16&Prime; custom_padding=\u00a0\u00bb|||\u00a0\u00bb global_colors_info=\u00a0\u00bb{}\u00a0\u00bb custom_padding__hover=\u00a0\u00bb|||\u00a0\u00bb][et_pb_text content_last_edited=\u00a0\u00bboff|desktop\u00a0\u00bb admin_label=\u00a0\u00bbText\u00a0\u00bb _builder_version=\u00a0\u00bb4.19.4&Prime; text_font=\u00a0\u00bbVerdana||||||||\u00a0\u00bb text_font_size=\u00a0\u00bb15px\u00a0\u00bb text_letter_spacing=\u00a0\u00bb1px\u00a0\u00bb text_line_height=\u00a0\u00bb1.8em\u00a0\u00bb header_font=\u00a0\u00bb||||||||\u00a0\u00bb header_line_height=\u00a0\u00bb0.8em\u00a0\u00bb header_2_font=\u00a0\u00bb||||||||\u00a0\u00bb header_2_line_height=\u00a0\u00bb0.9em\u00a0\u00bb background_color=\u00a0\u00bbrgba(201,74,142,0.12)\u00a0\u00bb background_image=\u00a0\u00bbhttp:\/\/anandosha.com\/wp-content\/uploads\/2019\/10\/Unicorn-ohne-f\u00fcllung8.png\u00a0\u00bb background_size=\u00a0\u00bbcontain\u00a0\u00bb background_position=\u00a0\u00bbtop_center\u00a0\u00bb background_repeat=\u00a0\u00bbrepeat-y\u00a0\u00bb background_blend=\u00a0\u00bbsaturation\u00a0\u00bb width=\u00a0\u00bb1024&Prime; max_height_tablet=\u00a0\u00bb\u00a0\u00bb max_height_phone=\u00a0\u00bb\u00a0\u00bb max_height_last_edited=\u00a0\u00bbon|phone\u00a0\u00bb custom_margin=\u00a0\u00bb|||||\u00a0\u00bb custom_padding=\u00a0\u00bb25px|31px|25px|31px|true|true\u00a0\u00bb border_radii=\u00a0\u00bbon|10px|10px|10px|10px\u00a0\u00bb box_shadow_style=\u00a0\u00bbpreset2&Prime; disabled=\u00a0\u00bbdisabled\u00a0\u00bb saved_tabs=\u00a0\u00bball\u00a0\u00bb global_colors_info=\u00a0\u00bb{}\u00a0\u00bb]<\/p>\n<p><span><div class=\"swpm-login-widget-form\">\n    <form id=\"swpm-login-form\" name=\"swpm-login-form\" method=\"post\" action=\"\">\n        <input type=\"hidden\" name=\"swpm_login_origination_flag\" value=\"1\" \/>\n        <div class=\"swpm-login-form-inner\">\n            <div class=\"swpm-username-label\">\n                <label for=\"swpm_user_name\" class=\"swpm-label\">Nom d\u2019utilisateur ou adresse e-mail<\/label>\n            <\/div>\n            <div class=\"swpm-username-input\">\n                <input type=\"text\" class=\"swpm-text-field swpm-username-field\" id=\"swpm_user_name\" value=\"\" size=\"25\" name=\"swpm_user_name\" \/>\n            <\/div>\n            <div class=\"swpm-password-label\">\n                <label for=\"swpm_password\" class=\"swpm-label\">Mot de passe<\/label>\n            <\/div>\n            <div class=\"swpm-password-input\">                \n                <input type=\"password\" class=\"swpm-text-field swpm-password-field\" id=\"swpm_password\" value=\"\" size=\"25\" name=\"swpm_password\" \/>                \n            <\/div>\n                        <div class=\"swpm-remember-me\">\n                <span class=\"swpm-remember-checkbox\"><input type=\"checkbox\" name=\"rememberme\" id=\"swpm-rememberme\"><\/span>\n                <label for=\"swpm-rememberme\" class=\"swpm-rememberme-label\">\n                    <span class=\"swpm-rember-label\"> Se souvenir de moi<\/span>\n                <\/label>\n            <\/div>\n\n            <div class=\"swpm-before-login-submit-section\"><\/div>\n\n            <div class=\"swpm-login-submit\">\n                <input type=\"submit\" class=\"swpm-login-form-submit\" name=\"swpm-login\" value=\"Connecter\"\/>\n            <\/div>\n            <div class=\"swpm-forgot-pass-link\">\n                <a id=\"forgot_pass\" class=\"swpm-login-form-pw-reset-link\"  href=\"http:\/\/anandosha.com\/membership-login\/password-reset\/\">Mot de passe oubli\u00e9<\/a>\n            <\/div>\n                        <div class=\"swpm-join-us-link\">\n                <a id=\"register\" class=\"swpm-login-form-register-link\" href=\"http:\/\/anandosha.com\/membership-join\/\">Nous Rejoindre<\/a>\n            <\/div>\n                        <div class=\"swpm-login-action-msg\">\n                <span class=\"swpm-login-widget-action-msg\"><\/span>\n            <\/div>\n        <\/div>\n    <\/form>\n\n    <\/div>\n<\/span><\/p>\n<p>[\/et_pb_text][\/et_pb_column][et_pb_column type=\u00a0\u00bb2_5&Prime; _builder_version=\u00a0\u00bb4.16&Prime; custom_padding=\u00a0\u00bb|||\u00a0\u00bb global_colors_info=\u00a0\u00bb{}\u00a0\u00bb custom_padding__hover=\u00a0\u00bb|||\u00a0\u00bb][\/et_pb_column][\/et_pb_row][\/et_pb_section]<\/p>\n","protected":false},"excerpt":{"rendered":"<p>Ananda Recommandations pour la sant\u00e9 bas\u00e9es sur la sagesse Ayurv\u00e9dique<div class=\"swpm-login-widget-form\">\n    <form id=\"swpm-login-form\" name=\"swpm-login-form\" method=\"post\" action=\"\">\n        <input type=\"hidden\" name=\"swpm_login_origination_flag\" value=\"1\" \/>\n        <div class=\"swpm-login-form-inner\">\n            <div class=\"swpm-username-label\">\n                <label for=\"swpm_user_name\" class=\"swpm-label\">Nom d\u2019utilisateur ou adresse e-mail<\/label>\n            <\/div>\n            <div class=\"swpm-username-input\">\n                <input type=\"text\" class=\"swpm-text-field swpm-username-field\" id=\"swpm_user_name\" value=\"\" size=\"25\" name=\"swpm_user_name\" \/>\n            <\/div>\n            <div class=\"swpm-password-label\">\n                <label for=\"swpm_password\" class=\"swpm-label\">Mot de passe<\/label>\n            <\/div>\n            <div class=\"swpm-password-input\">                \n                <input type=\"password\" class=\"swpm-text-field swpm-password-field\" id=\"swpm_password\" value=\"\" size=\"25\" name=\"swpm_password\" \/>                \n            <\/div>\n                        <div class=\"swpm-remember-me\">\n                <span class=\"swpm-remember-checkbox\"><input type=\"checkbox\" name=\"rememberme\" id=\"swpm-rememberme\"><\/span>\n                <label for=\"swpm-rememberme\" class=\"swpm-rememberme-label\">\n                    <span class=\"swpm-rember-label\"> Se souvenir de moi<\/span>\n                <\/label>\n            <\/div>\n\n            <div class=\"swpm-before-login-submit-section\"><\/div>\n\n            <div class=\"swpm-login-submit\">\n                <input type=\"submit\" class=\"swpm-login-form-submit\" name=\"swpm-login\" value=\"Connecter\"\/>\n            <\/div>\n            <div class=\"swpm-forgot-pass-link\">\n                <a id=\"forgot_pass\" class=\"swpm-login-form-pw-reset-link\"  href=\"http:\/\/anandosha.com\/membership-login\/password-reset\/\">Mot de passe oubli\u00e9<\/a>\n            <\/div>\n                        <div class=\"swpm-join-us-link\">\n                <a id=\"register\" class=\"swpm-login-form-register-link\" href=\"http:\/\/anandosha.com\/membership-join\/\">Nous Rejoindre<\/a>\n            <\/div>\n                        <div class=\"swpm-login-action-msg\">\n                <span class=\"swpm-login-widget-action-msg\"><\/span>\n            <\/div>\n        <\/div>\n    <\/form>\n\n    <\/div>\n<\/p>\n","protected":false},"author":2,"featured_media":0,"parent":0,"menu_order":0,"comment_status":"closed","ping_status":"closed","template":"","meta":{"_et_pb_use_builder":"on","_et_pb_old_content":"","_et_gb_content_width":"","footnotes":""},"class_list":["post-53915","page","type-page","status-publish","hentry"],"yoast_head":"<!-- This site is optimized with the Yoast SEO plugin v27.5 - https:\/\/yoast.com\/product\/yoast-seo-wordpress\/ -->\n<title>Connexion priv\u00e9e ~ Ananda<\/title>\n<meta name=\"robots\" content=\"index, follow, max-snippet:-1, max-image-preview:large, max-video-preview:-1\" \/>\n<link rel=\"canonical\" href=\"https:\/\/anandosha.com\/fr\/connexion-privee\/\" \/>\n<meta property=\"og:locale\" content=\"fr_FR\" \/>\n<meta property=\"og:type\" content=\"article\" \/>\n<meta property=\"og:title\" content=\"Connexion priv\u00e9e ~ Ananda\" \/>\n<meta property=\"og:description\" content=\"Ananda Recommandations pour la sant\u00e9 bas\u00e9es sur la sagesse Ayurv\u00e9dique\" \/>\n<meta property=\"og:url\" content=\"https:\/\/anandosha.com\/fr\/connexion-privee\/\" \/>\n<meta property=\"og:site_name\" content=\"Ananda\" \/>\n<meta property=\"article:modified_time\" content=\"2023-01-03T16:32:01+00:00\" \/>\n<meta property=\"og:image\" content=\"http:\/\/anandosha.com\/wp-content\/uploads\/2019\/03\/ananda_logo-150x150.png\" \/>\n<meta name=\"twitter:card\" content=\"summary_large_image\" \/>\n<meta name=\"twitter:label1\" content=\"Dur\u00e9e de lecture estim\u00e9e\" \/>\n\t<meta name=\"twitter:data1\" content=\"2 minutes\" \/>\n<script type=\"application\/ld+json\" class=\"yoast-schema-graph\">{\"@context\":\"https:\\\/\\\/schema.org\",\"@graph\":[{\"@type\":\"WebPage\",\"@id\":\"https:\\\/\\\/anandosha.com\\\/fr\\\/connexion-privee\\\/\",\"url\":\"https:\\\/\\\/anandosha.com\\\/fr\\\/connexion-privee\\\/\",\"name\":\"Connexion priv\u00e9e ~ Ananda\",\"isPartOf\":{\"@id\":\"https:\\\/\\\/anandosha.com\\\/fr\\\/#website\"},\"primaryImageOfPage\":{\"@id\":\"https:\\\/\\\/anandosha.com\\\/fr\\\/connexion-privee\\\/#primaryimage\"},\"image\":{\"@id\":\"https:\\\/\\\/anandosha.com\\\/fr\\\/connexion-privee\\\/#primaryimage\"},\"thumbnailUrl\":\"http:\\\/\\\/anandosha.com\\\/wp-content\\\/uploads\\\/2019\\\/03\\\/ananda_logo-150x150.png\",\"datePublished\":\"2023-01-02T12:36:01+00:00\",\"dateModified\":\"2023-01-03T16:32:01+00:00\",\"breadcrumb\":{\"@id\":\"https:\\\/\\\/anandosha.com\\\/fr\\\/connexion-privee\\\/#breadcrumb\"},\"inLanguage\":\"fr-FR\",\"potentialAction\":[{\"@type\":\"ReadAction\",\"target\":[\"https:\\\/\\\/anandosha.com\\\/fr\\\/connexion-privee\\\/\"]}]},{\"@type\":\"ImageObject\",\"inLanguage\":\"fr-FR\",\"@id\":\"https:\\\/\\\/anandosha.com\\\/fr\\\/connexion-privee\\\/#primaryimage\",\"url\":\"http:\\\/\\\/anandosha.com\\\/wp-content\\\/uploads\\\/2019\\\/03\\\/ananda_logo-150x150.png\",\"contentUrl\":\"http:\\\/\\\/anandosha.com\\\/wp-content\\\/uploads\\\/2019\\\/03\\\/ananda_logo-150x150.png\"},{\"@type\":\"BreadcrumbList\",\"@id\":\"https:\\\/\\\/anandosha.com\\\/fr\\\/connexion-privee\\\/#breadcrumb\",\"itemListElement\":[{\"@type\":\"ListItem\",\"position\":1,\"name\":\"Startseite\",\"item\":\"https:\\\/\\\/anandosha.com\\\/fr\\\/\"},{\"@type\":\"ListItem\",\"position\":2,\"name\":\"Connexion priv\u00e9e\"}]},{\"@type\":\"WebSite\",\"@id\":\"https:\\\/\\\/anandosha.com\\\/fr\\\/#website\",\"url\":\"https:\\\/\\\/anandosha.com\\\/fr\\\/\",\"name\":\"Ananda\",\"description\":\"Recommandations pour la sant\u00e9 bas\u00e9es sur la sagesse Ayurv\u00e9dique\",\"potentialAction\":[{\"@type\":\"SearchAction\",\"target\":{\"@type\":\"EntryPoint\",\"urlTemplate\":\"https:\\\/\\\/anandosha.com\\\/fr\\\/?s={search_term_string}\"},\"query-input\":{\"@type\":\"PropertyValueSpecification\",\"valueRequired\":true,\"valueName\":\"search_term_string\"}}],\"inLanguage\":\"fr-FR\"}]}<\/script>\n<!-- \/ Yoast SEO plugin. -->","yoast_head_json":{"title":"Connexion priv\u00e9e ~ Ananda","robots":{"index":"index","follow":"follow","max-snippet":"max-snippet:-1","max-image-preview":"max-image-preview:large","max-video-preview":"max-video-preview:-1"},"canonical":"https:\/\/anandosha.com\/fr\/connexion-privee\/","og_locale":"fr_FR","og_type":"article","og_title":"Connexion priv\u00e9e ~ Ananda","og_description":"Ananda Recommandations pour la sant\u00e9 bas\u00e9es sur la sagesse Ayurv\u00e9dique","og_url":"https:\/\/anandosha.com\/fr\/connexion-privee\/","og_site_name":"Ananda","article_modified_time":"2023-01-03T16:32:01+00:00","og_image":[{"url":"http:\/\/anandosha.com\/wp-content\/uploads\/2019\/03\/ananda_logo-150x150.png","type":"","width":"","height":""}],"twitter_card":"summary_large_image","twitter_misc":{"Dur\u00e9e de lecture estim\u00e9e":"2 minutes"},"schema":{"@context":"https:\/\/schema.org","@graph":[{"@type":"WebPage","@id":"https:\/\/anandosha.com\/fr\/connexion-privee\/","url":"https:\/\/anandosha.com\/fr\/connexion-privee\/","name":"Connexion priv\u00e9e ~ Ananda","isPartOf":{"@id":"https:\/\/anandosha.com\/fr\/#website"},"primaryImageOfPage":{"@id":"https:\/\/anandosha.com\/fr\/connexion-privee\/#primaryimage"},"image":{"@id":"https:\/\/anandosha.com\/fr\/connexion-privee\/#primaryimage"},"thumbnailUrl":"http:\/\/anandosha.com\/wp-content\/uploads\/2019\/03\/ananda_logo-150x150.png","datePublished":"2023-01-02T12:36:01+00:00","dateModified":"2023-01-03T16:32:01+00:00","breadcrumb":{"@id":"https:\/\/anandosha.com\/fr\/connexion-privee\/#breadcrumb"},"inLanguage":"fr-FR","potentialAction":[{"@type":"ReadAction","target":["https:\/\/anandosha.com\/fr\/connexion-privee\/"]}]},{"@type":"ImageObject","inLanguage":"fr-FR","@id":"https:\/\/anandosha.com\/fr\/connexion-privee\/#primaryimage","url":"http:\/\/anandosha.com\/wp-content\/uploads\/2019\/03\/ananda_logo-150x150.png","contentUrl":"http:\/\/anandosha.com\/wp-content\/uploads\/2019\/03\/ananda_logo-150x150.png"},{"@type":"BreadcrumbList","@id":"https:\/\/anandosha.com\/fr\/connexion-privee\/#breadcrumb","itemListElement":[{"@type":"ListItem","position":1,"name":"Startseite","item":"https:\/\/anandosha.com\/fr\/"},{"@type":"ListItem","position":2,"name":"Connexion priv\u00e9e"}]},{"@type":"WebSite","@id":"https:\/\/anandosha.com\/fr\/#website","url":"https:\/\/anandosha.com\/fr\/","name":"Ananda","description":"Recommandations pour la sant\u00e9 bas\u00e9es sur la sagesse Ayurv\u00e9dique","potentialAction":[{"@type":"SearchAction","target":{"@type":"EntryPoint","urlTemplate":"https:\/\/anandosha.com\/fr\/?s={search_term_string}"},"query-input":{"@type":"PropertyValueSpecification","valueRequired":true,"valueName":"search_term_string"}}],"inLanguage":"fr-FR"}]}},"_links":{"self":[{"href":"https:\/\/anandosha.com\/fr\/wp-json\/wp\/v2\/pages\/53915","targetHints":{"allow":["GET"]}}],"collection":[{"href":"https:\/\/anandosha.com\/fr\/wp-json\/wp\/v2\/pages"}],"about":[{"href":"https:\/\/anandosha.com\/fr\/wp-json\/wp\/v2\/types\/page"}],"author":[{"embeddable":true,"href":"https:\/\/anandosha.com\/fr\/wp-json\/wp\/v2\/users\/2"}],"replies":[{"embeddable":true,"href":"https:\/\/anandosha.com\/fr\/wp-json\/wp\/v2\/comments?post=53915"}],"version-history":[{"count":0,"href":"https:\/\/anandosha.com\/fr\/wp-json\/wp\/v2\/pages\/53915\/revisions"}],"wp:attachment":[{"href":"https:\/\/anandosha.com\/fr\/wp-json\/wp\/v2\/media?parent=53915"}],"curies":[{"name":"wp","href":"https:\/\/api.w.org\/{rel}","templated":true}]}}