{"id":745,"date":"2017-06-28T12:41:04","date_gmt":"2017-06-28T12:41:04","guid":{"rendered":"http:\/\/anandosha.com\/?page_id=745"},"modified":"2023-01-03T12:52:17","modified_gmt":"2023-01-03T12:52:17","slug":"utiliser-ananda","status":"publish","type":"page","link":"https:\/\/anandosha.com\/fr\/utiliser-ananda\/","title":{"rendered":"Cr\u00e9er une liste"},"content":{"rendered":"<div class=\"swpm-post-not-logged-in-msg\">Vous devez \u00eatre connect\u00e9 pour voir ce contenu.Veuillez <a class=\"swpm-login-link\" href=\"http:\/\/anandosha.com\/private-login\/\">Connecter<\/a>. Not a Member? <a href=\"http:\/\/anandosha.com\/membership-join\/\">Nous Rejoindre<\/a><\/div>","protected":false},"excerpt":{"rendered":"<p>Ananda Recommandations pour la sant\u00e9 bas\u00e9es sur la sagesse Ayurv\u00e9dique<div class=\"mp_wrapper\">\n\t\t<p>Bienvenue ,<\/p>\n\t\t<p>Veuillez s\u2019il vous pla\u00eet remplir avec le nom et la constitution (nombre de points du test dosha) de votre client ainsi que la liste souhait\u00e9e (Prakriti ou Vikriti):<\/p>\n\t\t<form action=\"https:\/\/anandosha.com\/form_verarb.php?svlang=fr_FR&svid=0\" method=\"post\" name=\"engage\">\n\t\t\t<p>Nom: <input name=\"Name\" type=\"text\" style=\"width: 200px;\" \/>\n\t\t\t<input name=\"Constitution\" type=\"radio\" border: 2px solid blue; style=\"margin-left:5em;\" \tvalue=\"Prakriti\"> Prakriti <input name=\"Constitution\" type=\"radio\" value=\"Vikriti\" checked> Vikriti<\/p>\n\t\t\t<p>Vata: <input name=\"V_points\" type=\"number\" style=\"width: 70px;\" \/>\n\t\t\tPitta: <input name=\"P_points\" type=\"number\" style=\"width: 70px;\" \/>\n\t\t\tKapha: <input name=\"K_points\" type=\"number\" style=\"width: 70px;\" \/><\/p>\n\t\t\t<p><strong>Prakriti<\/strong> Prakriti est le type de constitution respectif de l\u2019individu. C\u2019est le principe d\u2019\u00e9quilibre d\u2019une bonne sant\u00e9 physique et morale. Le d\u00e9s\u00e9quilibre doshique ou l\u2019\u00e9tat actuel du patient s\u2019appelle <strong>Vikriti<\/strong>.<\/p><br \/>\n\t\t\t<div class=\"mp-form-submit\"><input class=\"mepr-submit\" type=\"submit\" value=\"Cr\u00e9er la liste\" \/><\/div>\n\t\t<\/form><\/div><\/p>\n","protected":false},"author":78,"featured_media":0,"parent":0,"menu_order":0,"comment_status":"closed","ping_status":"closed","template":"","meta":{"_et_pb_use_builder":"on","_et_pb_old_content":"<link rel=\"shortcut icon\" type=\"image\/x-icon\" href=\"http:\/\/anandosha.com\/images\/favicon.ico\" \/>\r\n<?php\r\n$svlang=get_bloginfo(\"language\"); \r\n$svlang=get_locale(); \r\n$svlang=\"fr_FR\"; \r\nglobal $current_user; get_currentuserinfo(); \r\n$svid=$current_user->ID;\r\n?>\r\n\r\nBienvenue <?php echo $current_user->user_firstname; ?>,\r\n\r\nVeuillez s'il vous pla\u00eet remplir avec le nom et la constitution de votre client:\r\n\r\n<form action=\"http:\/\/anandosha.com\/form_verarb.php?svlang= <?php echo $svlang;?>&svid= <?php echo $svid;?>&svemail= <?php echo $current_user->Id; ?> \"method=\"post\" name=\"engage\">\r\nNom: <input name=\"Name\" type=\"text\" style=\"width: 200px;\" \/>\r\nV: <input name=\"V_points\" type=\"number\" style=\"width: 50px;\" \/> P: <input name=\"P_points\" type=\"number\" style=\"width: 50px;\" \/> K: <input name=\"K_points\" type=\"number\" style=\"width: 50px;\" \/>\r\n\r\n<input name=\"Constitution\" type=\"radio\" value=\"Prakriti\" checked> Prakriti <br \/>\r\n<input name=\"Constitution\" type=\"radio\" value=\"Vikriti\"> Vikriti <br \/>\r\n<?php include\"radio_value.php\"; ?>\r\n\r\n<strong>Prakriti<\/strong> est le type de constitution respectif de l'individu. C'est le principe d'\u00e9quilibre d'une bonne sant\u00e9 physique et morale. Le d\u00e9s\u00e9quilibre doshique ou l'\u00e9tat actuel du patient s'appelle <strong>Vikriti<\/strong>.\r\n\r\n<input style=\"font-size: 135%;\" type=\"submit\" value=\"Cliquez pour cr\u00e9er la liste\" \/>\r\n<\/form>\r\n\r\n\r\n\r\n<!--\r\n<form action=\"http:\/\/anandosha.com\/download_rtf.php?svlang= <?php echo $svlang;?>&svid= <?php echo $svid;?>&svemail= <?php echo $current_user->Id; ?> \"method=\"post\" name=\"engage\">\r\nName: <input name=\"Name\" type=\"text\" style=\"width: 200px;\" \/>\r\nV: <input name=\"V_points\" type=\"text\" style=\"width: 50px;\" \/> P: <input name=\"P_points\" type=\"text\" style=\"width: 50px;\" \/> K: <input name=\"K_points\" type=\"text\" style=\"width: 50px;\" \/>\r\n<input style=\"font-size: 135%;\" type=\"submit\" value=\"Cliquez pour le fichier RTF\" \/>\r\n<\/form>\r\n-->","_et_gb_content_width":"","footnotes":""},"class_list":["post-745","page","type-page","status-publish","hentry"],"yoast_head":"<!-- This site is optimized with the Yoast SEO plugin v27.5 - https:\/\/yoast.com\/product\/yoast-seo-wordpress\/ -->\n<title>Cr\u00e9er une liste ~ Ananda<\/title>\n<meta name=\"robots\" content=\"index, follow, max-snippet:-1, max-image-preview:large, max-video-preview:-1\" \/>\n<link rel=\"canonical\" href=\"https:\/\/anandosha.com\/fr\/utiliser-ananda\/\" \/>\n<meta property=\"og:locale\" content=\"fr_FR\" \/>\n<meta property=\"og:type\" content=\"article\" \/>\n<meta property=\"og:title\" content=\"Cr\u00e9er une liste ~ Ananda\" \/>\n<meta property=\"og:description\" content=\"Ananda Recommandations pour la sant\u00e9 bas\u00e9es sur la sagesse Ayurv\u00e9dique\" \/>\n<meta property=\"og:url\" content=\"https:\/\/anandosha.com\/fr\/utiliser-ananda\/\" \/>\n<meta property=\"og:site_name\" content=\"Ananda\" \/>\n<meta property=\"article:modified_time\" content=\"2023-01-03T12:52:17+00:00\" \/>\n<meta property=\"og:image\" content=\"http:\/\/anandosha.com\/wp-content\/uploads\/2019\/03\/ananda_logo-150x150.png\" \/>\n<meta name=\"twitter:card\" content=\"summary_large_image\" \/>\n<meta name=\"twitter:label1\" content=\"Dur\u00e9e de lecture estim\u00e9e\" \/>\n\t<meta name=\"twitter:data1\" content=\"2 minutes\" \/>\n<script type=\"application\/ld+json\" class=\"yoast-schema-graph\">{\"@context\":\"https:\\\/\\\/schema.org\",\"@graph\":[{\"@type\":\"WebPage\",\"@id\":\"https:\\\/\\\/anandosha.com\\\/fr\\\/utiliser-ananda\\\/\",\"url\":\"https:\\\/\\\/anandosha.com\\\/fr\\\/utiliser-ananda\\\/\",\"name\":\"Cr\u00e9er une liste ~ Ananda\",\"isPartOf\":{\"@id\":\"https:\\\/\\\/anandosha.com\\\/fr\\\/#website\"},\"primaryImageOfPage\":{\"@id\":\"https:\\\/\\\/anandosha.com\\\/fr\\\/utiliser-ananda\\\/#primaryimage\"},\"image\":{\"@id\":\"https:\\\/\\\/anandosha.com\\\/fr\\\/utiliser-ananda\\\/#primaryimage\"},\"thumbnailUrl\":\"http:\\\/\\\/anandosha.com\\\/wp-content\\\/uploads\\\/2019\\\/03\\\/ananda_logo-150x150.png\",\"datePublished\":\"2017-06-28T12:41:04+00:00\",\"dateModified\":\"2023-01-03T12:52:17+00:00\",\"breadcrumb\":{\"@id\":\"https:\\\/\\\/anandosha.com\\\/fr\\\/utiliser-ananda\\\/#breadcrumb\"},\"inLanguage\":\"fr-FR\",\"potentialAction\":[{\"@type\":\"ReadAction\",\"target\":[\"https:\\\/\\\/anandosha.com\\\/fr\\\/utiliser-ananda\\\/\"]}]},{\"@type\":\"ImageObject\",\"inLanguage\":\"fr-FR\",\"@id\":\"https:\\\/\\\/anandosha.com\\\/fr\\\/utiliser-ananda\\\/#primaryimage\",\"url\":\"http:\\\/\\\/anandosha.com\\\/wp-content\\\/uploads\\\/2019\\\/03\\\/ananda_logo-150x150.png\",\"contentUrl\":\"http:\\\/\\\/anandosha.com\\\/wp-content\\\/uploads\\\/2019\\\/03\\\/ananda_logo-150x150.png\"},{\"@type\":\"BreadcrumbList\",\"@id\":\"https:\\\/\\\/anandosha.com\\\/fr\\\/utiliser-ananda\\\/#breadcrumb\",\"itemListElement\":[{\"@type\":\"ListItem\",\"position\":1,\"name\":\"Startseite\",\"item\":\"https:\\\/\\\/anandosha.com\\\/fr\\\/\"},{\"@type\":\"ListItem\",\"position\":2,\"name\":\"Cr\u00e9er une liste\"}]},{\"@type\":\"WebSite\",\"@id\":\"https:\\\/\\\/anandosha.com\\\/fr\\\/#website\",\"url\":\"https:\\\/\\\/anandosha.com\\\/fr\\\/\",\"name\":\"Ananda\",\"description\":\"Recommandations pour la sant\u00e9 bas\u00e9es sur la sagesse Ayurv\u00e9dique\",\"potentialAction\":[{\"@type\":\"SearchAction\",\"target\":{\"@type\":\"EntryPoint\",\"urlTemplate\":\"https:\\\/\\\/anandosha.com\\\/fr\\\/?s={search_term_string}\"},\"query-input\":{\"@type\":\"PropertyValueSpecification\",\"valueRequired\":true,\"valueName\":\"search_term_string\"}}],\"inLanguage\":\"fr-FR\"}]}<\/script>\n<!-- \/ Yoast SEO plugin. -->","yoast_head_json":{"title":"Cr\u00e9er une liste ~ Ananda","robots":{"index":"index","follow":"follow","max-snippet":"max-snippet:-1","max-image-preview":"max-image-preview:large","max-video-preview":"max-video-preview:-1"},"canonical":"https:\/\/anandosha.com\/fr\/utiliser-ananda\/","og_locale":"fr_FR","og_type":"article","og_title":"Cr\u00e9er une liste ~ Ananda","og_description":"Ananda Recommandations pour la sant\u00e9 bas\u00e9es sur la sagesse Ayurv\u00e9dique","og_url":"https:\/\/anandosha.com\/fr\/utiliser-ananda\/","og_site_name":"Ananda","article_modified_time":"2023-01-03T12:52:17+00:00","og_image":[{"url":"http:\/\/anandosha.com\/wp-content\/uploads\/2019\/03\/ananda_logo-150x150.png","type":"","width":"","height":""}],"twitter_card":"summary_large_image","twitter_misc":{"Dur\u00e9e de lecture estim\u00e9e":"2 minutes"},"schema":{"@context":"https:\/\/schema.org","@graph":[{"@type":"WebPage","@id":"https:\/\/anandosha.com\/fr\/utiliser-ananda\/","url":"https:\/\/anandosha.com\/fr\/utiliser-ananda\/","name":"Cr\u00e9er une liste ~ Ananda","isPartOf":{"@id":"https:\/\/anandosha.com\/fr\/#website"},"primaryImageOfPage":{"@id":"https:\/\/anandosha.com\/fr\/utiliser-ananda\/#primaryimage"},"image":{"@id":"https:\/\/anandosha.com\/fr\/utiliser-ananda\/#primaryimage"},"thumbnailUrl":"http:\/\/anandosha.com\/wp-content\/uploads\/2019\/03\/ananda_logo-150x150.png","datePublished":"2017-06-28T12:41:04+00:00","dateModified":"2023-01-03T12:52:17+00:00","breadcrumb":{"@id":"https:\/\/anandosha.com\/fr\/utiliser-ananda\/#breadcrumb"},"inLanguage":"fr-FR","potentialAction":[{"@type":"ReadAction","target":["https:\/\/anandosha.com\/fr\/utiliser-ananda\/"]}]},{"@type":"ImageObject","inLanguage":"fr-FR","@id":"https:\/\/anandosha.com\/fr\/utiliser-ananda\/#primaryimage","url":"http:\/\/anandosha.com\/wp-content\/uploads\/2019\/03\/ananda_logo-150x150.png","contentUrl":"http:\/\/anandosha.com\/wp-content\/uploads\/2019\/03\/ananda_logo-150x150.png"},{"@type":"BreadcrumbList","@id":"https:\/\/anandosha.com\/fr\/utiliser-ananda\/#breadcrumb","itemListElement":[{"@type":"ListItem","position":1,"name":"Startseite","item":"https:\/\/anandosha.com\/fr\/"},{"@type":"ListItem","position":2,"name":"Cr\u00e9er une liste"}]},{"@type":"WebSite","@id":"https:\/\/anandosha.com\/fr\/#website","url":"https:\/\/anandosha.com\/fr\/","name":"Ananda","description":"Recommandations pour la sant\u00e9 bas\u00e9es sur la sagesse Ayurv\u00e9dique","potentialAction":[{"@type":"SearchAction","target":{"@type":"EntryPoint","urlTemplate":"https:\/\/anandosha.com\/fr\/?s={search_term_string}"},"query-input":{"@type":"PropertyValueSpecification","valueRequired":true,"valueName":"search_term_string"}}],"inLanguage":"fr-FR"}]}},"_links":{"self":[{"href":"https:\/\/anandosha.com\/fr\/wp-json\/wp\/v2\/pages\/745","targetHints":{"allow":["GET"]}}],"collection":[{"href":"https:\/\/anandosha.com\/fr\/wp-json\/wp\/v2\/pages"}],"about":[{"href":"https:\/\/anandosha.com\/fr\/wp-json\/wp\/v2\/types\/page"}],"author":[{"embeddable":true,"href":"https:\/\/anandosha.com\/fr\/wp-json\/wp\/v2\/users\/78"}],"replies":[{"embeddable":true,"href":"https:\/\/anandosha.com\/fr\/wp-json\/wp\/v2\/comments?post=745"}],"version-history":[{"count":0,"href":"https:\/\/anandosha.com\/fr\/wp-json\/wp\/v2\/pages\/745\/revisions"}],"wp:attachment":[{"href":"https:\/\/anandosha.com\/fr\/wp-json\/wp\/v2\/media?parent=745"}],"curies":[{"name":"wp","href":"https:\/\/api.w.org\/{rel}","templated":true}]}}